{"id":479,"date":"2021-08-08T03:32:29","date_gmt":"2021-08-08T03:32:29","guid":{"rendered":"https:\/\/smartdata.tonytemplates.com\/cleaning-service-v3\/?page_id=479"},"modified":"2025-08-09T08:31:52","modified_gmt":"2025-08-09T08:31:52","slug":"testimonial","status":"publish","type":"page","link":"https:\/\/sprzatneto.pl.joton.dev\/index.php\/testimonial\/","title":{"rendered":"Opinie"},"content":{"rendered":"\t\t<div data-elementor-type=\"wp-page\" data-elementor-id=\"479\" class=\"elementor elementor-479\">\n\t\t\t\t\t\t<section class=\"elementor-section elementor-top-section elementor-element elementor-element-2b76737 elementor-section-full_width elementor-section-height-default elementor-section-height-default\" data-id=\"2b76737\" data-element_type=\"section\">\n\t\t\t\t\t\t<div class=\"elementor-container elementor-column-gap-no\">\n\t\t\t\t\t<div class=\"elementor-column elementor-col-100 elementor-top-column elementor-element elementor-element-567be39\" data-id=\"567be39\" data-element_type=\"column\">\n\t\t\t<div class=\"elementor-widget-wrap elementor-element-populated\">\n\t\t\t\t\t\t<div class=\"elementor-element elementor-element-2f33765 elementor-widget elementor-widget-cleaning_services_testimonials\" data-id=\"2f33765\" data-element_type=\"widget\" data-widget_type=\"cleaning_services_testimonials.default\">\n\t\t\t\t<div class=\"elementor-widget-container\">\n\t\t\t\t\t            <div class=\"block fullwidth-bg inset-50 bg-cover block-testimonials-bg home-testimonials-text\">\n                <div class=\"container\">\n                    \t\t\t\t<h1 class=\"text-center h-decor\">\n\t\t\t\t\tOPINIE\t\t\t\t<\/h1>\n\t\t\t                    <div class=\"testimonials-carousel\" id=\"testimonials-carousel-custom2\" data-testimonial='{\"mobileFirst\":false,\"slidesToShow\":3,\"slidesToScroll\":1,\"infinite\":true,\"autoplay\":true,\"autoplaySpeed\":\"2500\",\"dots\":false,\"arrows\":true}'>\n                        <div class=\"testimonial-item cutted\">\n                            <div class=\"testimonial-item-inside\">\n                                <h3>Anna W.<\/h3>\n                                <p>Polecam! Moje mieszkanie jeszcze nie by\u0142o takie czyste! Bardzo dok\u0142adnie posprz\u0105tane. \n<\/p>\n                            <\/div>\n                        <\/div><div class=\"testimonial-item cutted\">\n                            <div class=\"testimonial-item-inside\">\n                                <h3>Kasia R.<\/h3>\n                                <p>Korzystam z us\u0142ug regularnie, bo wynajmuj\u0119 mieszkanie kr\u00f3tkoterminowo. Firma zawsze zostawia apartament w idealnym stanie \u2013 czy\u015bciutko, pachn\u0105co, wszystko dopi\u0119te na ostatni guzik. Go\u015bcie wystawiaj\u0105 mi same dobre opinie na temat porz\u0105dku!<\/p>\n                            <\/div>\n                        <\/div><div class=\"testimonial-item cutted\">\n                            <div class=\"testimonial-item-inside\">\n                                <h3>Daily Doodle<\/h3>\n                                <p>Zdecydowali\u015bmy si\u0119 na sta\u0142e sprz\u0105tanie naszego biura i to by\u0142 strza\u0142 w dziesi\u0105tk\u0119. Wszystko jest zawsze uporz\u0105dkowane, estetyczne, a\u017c mi\u0142o przyj\u015b\u0107 do pracy. Ekipa dyskretna i bardzo dok\u0142adna.<\/p>\n                            <\/div>\n                        <\/div><div class=\"testimonial-item cutted\">\n                            <div class=\"testimonial-item-inside\">\n                                <h3>Agata F.<\/h3>\n                                <p>Po wizycie tej firmy moje mieszkanie wygl\u0105da\u0142o jak nowe \u2013 wszystko dopracowane w najmniejszych szczeg\u00f3\u0142ach. Nawet trudno dost\u0119pne miejsca by\u0142y idealnie wyczyszczone. Jestem zachwycona i na pewno skorzystam ponownie!<\/p>\n                            <\/div>\n                        <\/div><div class=\"testimonial-item cutted\">\n                            <div class=\"testimonial-item-inside\">\n                                <h3>Daniel R.<\/h3>\n                                <p>Od kilku miesi\u0119cy korzystam z us\u0142ug tej firmy i jestem bardzo zadowolony. Zawsze punktualnie, czysto i spokojnie. Wreszcie nie musz\u0119 si\u0119 martwi\u0107 o porz\u0105dek po pracy czy w weekendy.<\/p>\n                            <\/div>\n                        <\/div>                    <\/div>\n                    \n                <\/div>\n            <\/div>\n        \t\t\t\t<\/div>\n\t\t\t\t<\/div>\n\t\t\t\t\t<\/div>\n\t\t<\/div>\n\t\t\t\t\t<\/div>\n\t\t<\/section>\n\t\t\t\t<section class=\"elementor-section elementor-top-section elementor-element elementor-element-b91150f elementor-section-full_width elementor-section-height-default elementor-section-height-default\" data-id=\"b91150f\" data-element_type=\"section\">\n\t\t\t\t\t\t<div class=\"elementor-container elementor-column-gap-no\">\n\t\t\t\t\t<div class=\"elementor-column elementor-col-100 elementor-top-column elementor-element elementor-element-f978bb3\" data-id=\"f978bb3\" data-element_type=\"column\">\n\t\t\t<div class=\"elementor-widget-wrap\">\n\t\t\t\t\t\t\t<\/div>\n\t\t<\/div>\n\t\t\t\t\t<\/div>\n\t\t<\/section>\n\t\t\t\t<section class=\"elementor-section elementor-top-section elementor-element elementor-element-b2b1a9e elementor-section-full_width elementor-section-height-default elementor-section-height-default\" data-id=\"b2b1a9e\" data-element_type=\"section\">\n\t\t\t\t\t\t<div class=\"elementor-container elementor-column-gap-default\">\n\t\t\t\t\t<div class=\"elementor-column elementor-col-100 elementor-top-column elementor-element elementor-element-c5f7ad5\" data-id=\"c5f7ad5\" data-element_type=\"column\">\n\t\t\t<div class=\"elementor-widget-wrap\">\n\t\t\t\t\t\t\t<\/div>\n\t\t<\/div>\n\t\t\t\t\t<\/div>\n\t\t<\/section>\n\t\t\t\t<section class=\"elementor-section elementor-top-section elementor-element elementor-element-1fcbcc5 elementor-section-full_width elementor-section-height-default elementor-section-height-default\" data-id=\"1fcbcc5\" data-element_type=\"section\">\n\t\t\t\t\t\t<div class=\"elementor-container elementor-column-gap-no\">\n\t\t\t\t\t<div class=\"elementor-column elementor-col-100 elementor-top-column elementor-element elementor-element-8ff827d\" data-id=\"8ff827d\" data-element_type=\"column\">\n\t\t\t<div class=\"elementor-widget-wrap elementor-element-populated\">\n\t\t\t\t\t\t<div class=\"elementor-element elementor-element-c142aea elementor-widget elementor-widget-brand_carousel\" data-id=\"c142aea\" data-element_type=\"widget\" data-widget_type=\"brand_carousel.default\">\n\t\t\t\t<div class=\"elementor-widget-container\">\n\t\t\t\t\t        <!-- Brands Carousel -->\n        <div class=\"block\">\n            <div class=\"container\">\n                <h2 class=\"text-center h-lg h-decor\">Zaufali nam<\/h2>\n                <div class=\"brand-carousel\" data-brand='{\"mobileFirst\":false,\"slidesToShow\":1,\"slidesToScroll\":1,\"infinite\":true,\"autoplay\":true,\"autoplaySpeed\":\"2500\",\"dots\":false,\"arrows\":false}'>\n                     \n                        <a href=\"#_\"  >\n                            <img fetchpriority=\"high\" decoding=\"async\" width=\"406\" height=\"266\" src=\"https:\/\/sprzatneto.pl.joton.dev\/wp-content\/uploads\/2025\/08\/Projekt-bez-nazwy-5.png\" class=\"attachment-full size-full\" alt=\"\" srcset=\"https:\/\/sprzatneto.pl.joton.dev\/wp-content\/uploads\/2025\/08\/Projekt-bez-nazwy-5.png 406w, https:\/\/sprzatneto.pl.joton.dev\/wp-content\/uploads\/2025\/08\/Projekt-bez-nazwy-5-300x197.png 300w\" sizes=\"(max-width: 406px) 100vw, 406px\" \/>                        <\/a> \n                                    <\/div>\n            <\/div>\n        <\/div>\n        <!-- \/Brands Carousel -->\n\t\t\t\t<\/div>\n\t\t\t\t<\/div>\n\t\t\t\t\t<\/div>\n\t\t<\/div>\n\t\t\t\t\t<\/div>\n\t\t<\/section>\n\t\t\t\t<\/div>\n\t\t","protected":false},"excerpt":{"rendered":"<p>OPINIE Anna W. Polecam! Moje mieszkanie jeszcze nie by\u0142o takie czyste! Bardzo dok\u0142adnie posprz\u0105tane. Kasia R. Korzystam z us\u0142ug regularnie, bo wynajmuj\u0119 mieszkanie kr\u00f3tkoterminowo. Firma zawsze zostawia apartament w idealnym stanie \u2013 czy\u015bciutko, pachn\u0105co, wszystko dopi\u0119te na ostatni guzik. Go\u015bcie wystawiaj\u0105 mi same dobre opinie na temat porz\u0105dku! Daily Doodle Zdecydowali\u015bmy si\u0119 na sta\u0142e sprz\u0105tanie [&hellip;]<\/p>\n","protected":false},"author":1,"featured_media":0,"parent":0,"menu_order":0,"comment_status":"closed","ping_status":"closed","template":"elementor_header_footer","meta":{"footnotes":""},"class_list":["post-479","page","type-page","status-publish","hentry"],"_links":{"self":[{"href":"https:\/\/sprzatneto.pl.joton.dev\/index.php\/wp-json\/wp\/v2\/pages\/479","targetHints":{"allow":["GET"]}}],"collection":[{"href":"https:\/\/sprzatneto.pl.joton.dev\/index.php\/wp-json\/wp\/v2\/pages"}],"about":[{"href":"https:\/\/sprzatneto.pl.joton.dev\/index.php\/wp-json\/wp\/v2\/types\/page"}],"author":[{"embeddable":true,"href":"https:\/\/sprzatneto.pl.joton.dev\/index.php\/wp-json\/wp\/v2\/users\/1"}],"replies":[{"embeddable":true,"href":"https:\/\/sprzatneto.pl.joton.dev\/index.php\/wp-json\/wp\/v2\/comments?post=479"}],"version-history":[{"count":32,"href":"https:\/\/sprzatneto.pl.joton.dev\/index.php\/wp-json\/wp\/v2\/pages\/479\/revisions"}],"predecessor-version":[{"id":2188,"href":"https:\/\/sprzatneto.pl.joton.dev\/index.php\/wp-json\/wp\/v2\/pages\/479\/revisions\/2188"}],"wp:attachment":[{"href":"https:\/\/sprzatneto.pl.joton.dev\/index.php\/wp-json\/wp\/v2\/media?parent=479"}],"curies":[{"name":"wp","href":"https:\/\/api.w.org\/{rel}","templated":true}]}}