{"id":453,"date":"2021-08-06T06:02:13","date_gmt":"2021-08-06T06:02:13","guid":{"rendered":"https:\/\/smartdata.tonytemplates.com\/cleaning-service-v3\/?page_id=453"},"modified":"2025-08-01T10:36:13","modified_gmt":"2025-08-01T10:36:13","slug":"contact-us","status":"publish","type":"page","link":"https:\/\/sprzatneto.pl.joton.dev\/index.php\/contact-us\/","title":{"rendered":"Kontakt"},"content":{"rendered":"\t\t<div data-elementor-type=\"wp-page\" data-elementor-id=\"453\" class=\"elementor elementor-453\">\n\t\t\t\t\t\t<section class=\"elementor-section elementor-top-section elementor-element elementor-element-85f924c elementor-section-full_width elementor-section-height-default elementor-section-height-default\" data-id=\"85f924c\" data-element_type=\"section\">\n\t\t\t\t\t\t<div class=\"elementor-container elementor-column-gap-no\">\n\t\t\t\t\t<div class=\"elementor-column elementor-col-100 elementor-top-column elementor-element elementor-element-f9ab188\" data-id=\"f9ab188\" data-element_type=\"column\">\n\t\t\t<div class=\"elementor-widget-wrap elementor-element-populated\">\n\t\t\t\t\t\t<div class=\"elementor-element elementor-element-4b9a666 elementor-widget elementor-widget-text-editor\" data-id=\"4b9a666\" data-element_type=\"widget\" data-widget_type=\"text-editor.default\">\n\t\t\t\t<div class=\"elementor-widget-container\">\n\t\t\t\t\t\t\t\t\t<h2 class=\"text-center h-decor\">Masz pytania, w\u0105tpliwo\u015bci b\u0105d\u017a potrzebujesz wyceny?<\/h2><h2 class=\"text-center h-decor\"><strong>Skontaktuj si\u0119 z nami!<\/strong><\/h2>\t\t\t\t\t\t\t\t<\/div>\n\t\t\t\t<\/div>\n\t\t\t\t\t<\/div>\n\t\t<\/div>\n\t\t\t\t\t<\/div>\n\t\t<\/section>\n\t\t\t\t<section class=\"elementor-section elementor-top-section elementor-element elementor-element-f2b92a5 elementor-section-boxed elementor-section-height-default elementor-section-height-default\" data-id=\"f2b92a5\" data-element_type=\"section\">\n\t\t\t\t\t\t<div class=\"elementor-container elementor-column-gap-no\">\n\t\t\t\t\t<div class=\"elementor-column elementor-col-50 elementor-top-column elementor-element elementor-element-bfc72c4\" data-id=\"bfc72c4\" data-element_type=\"column\">\n\t\t\t<div class=\"elementor-widget-wrap elementor-element-populated\">\n\t\t\t\t\t\t<div class=\"elementor-element elementor-element-860f502 elementor-widget__width-initial elementor-widget elementor-widget-text-editor\" data-id=\"860f502\" data-element_type=\"widget\" data-widget_type=\"text-editor.default\">\n\t\t\t\t<div class=\"elementor-widget-container\">\n\t\t\t\t\t\t\t\t\t<h1>\u00a0 \u00a0 \u00a0 \u00a0 \u00a0 \u00a0 \u00a0 \u00a0 \u00a0 \u00a0 \u00a0 \u00a0Kontakt\u00a0<img fetchpriority=\"high\" decoding=\"async\" class=\"wp-image-1972 aligncenter\" src=\"https:\/\/sprzatneto.pl.joton.dev\/wp-content\/uploads\/2025\/08\/kontakt-na-strone-169x300.png\" alt=\"\" width=\"315\" height=\"559\" srcset=\"https:\/\/sprzatneto.pl.joton.dev\/wp-content\/uploads\/2025\/08\/kontakt-na-strone-169x300.png 169w, https:\/\/sprzatneto.pl.joton.dev\/wp-content\/uploads\/2025\/08\/kontakt-na-strone-576x1024.png 576w, https:\/\/sprzatneto.pl.joton.dev\/wp-content\/uploads\/2025\/08\/kontakt-na-strone-768x1365.png 768w, https:\/\/sprzatneto.pl.joton.dev\/wp-content\/uploads\/2025\/08\/kontakt-na-strone-864x1536.png 864w, https:\/\/sprzatneto.pl.joton.dev\/wp-content\/uploads\/2025\/08\/kontakt-na-strone-272x483.png 272w, https:\/\/sprzatneto.pl.joton.dev\/wp-content\/uploads\/2025\/08\/kontakt-na-strone-600x1067.png 600w, https:\/\/sprzatneto.pl.joton.dev\/wp-content\/uploads\/2025\/08\/kontakt-na-strone.png 1080w\" sizes=\"(max-width: 315px) 100vw, 315px\" \/><\/h1><h1>\u00a0 \u00a0 \u00a0 \u00a0 \u00a0 \u00a0 \u00a0 \u00a0<\/h1>\t\t\t\t\t\t\t\t<\/div>\n\t\t\t\t<\/div>\n\t\t\t\t\t<\/div>\n\t\t<\/div>\n\t\t\t\t<div class=\"elementor-column elementor-col-50 elementor-top-column elementor-element elementor-element-f3b9793 col-md-8\" data-id=\"f3b9793\" data-element_type=\"column\">\n\t\t\t<div class=\"elementor-widget-wrap elementor-element-populated\">\n\t\t\t\t\t\t<div class=\"elementor-element elementor-element-3b2e788 elementor-widget elementor-widget-text-editor\" data-id=\"3b2e788\" data-element_type=\"widget\" data-widget_type=\"text-editor.default\">\n\t\t\t\t<div class=\"elementor-widget-container\">\n\t\t\t\t\t\t\t\t\t<h1 class=\"text-center h-lg h-decor\">Wype\u0142nij Formularz\u00a0<\/h1><div>\u00a0<\/div>\t\t\t\t\t\t\t\t<\/div>\n\t\t\t\t<\/div>\n\t\t\t\t<div class=\"elementor-element elementor-element-9c7ac8f elementor-widget elementor-widget-shortcode\" data-id=\"9c7ac8f\" data-element_type=\"widget\" data-widget_type=\"shortcode.default\">\n\t\t\t\t<div class=\"elementor-widget-container\">\n\t\t\t\t\t\t\t<div class=\"elementor-shortcode\">\n<div class=\"wpcf7 no-js\" id=\"wpcf7-f564-o1\" lang=\"en-US\" dir=\"ltr\" data-wpcf7-id=\"564\">\n<div class=\"screen-reader-response\"><p role=\"status\" aria-live=\"polite\" aria-atomic=\"true\"><\/p> <ul><\/ul><\/div>\n<form action=\"\/index.php\/wp-json\/wp\/v2\/pages\/453#wpcf7-f564-o1\" method=\"post\" class=\"wpcf7-form init\" aria-label=\"Contact form\" novalidate=\"novalidate\" data-status=\"init\">\n<div style=\"display: none;\">\n<input type=\"hidden\" name=\"_wpcf7\" value=\"564\" \/>\n<input type=\"hidden\" name=\"_wpcf7_version\" value=\"6.0.6\" \/>\n<input type=\"hidden\" name=\"_wpcf7_locale\" value=\"en_US\" \/>\n<input type=\"hidden\" name=\"_wpcf7_unit_tag\" value=\"wpcf7-f564-o1\" \/>\n<input type=\"hidden\" name=\"_wpcf7_container_post\" value=\"0\" \/>\n<input type=\"hidden\" name=\"_wpcf7_posted_data_hash\" value=\"\" \/>\n<\/div>\n<div class=\"contact-form\" id=\"contactForm\" method=\"post\" novalidate=\"novalidate\" _lpchecked=\"1\">\n\t<div class=\"successform text-center\">\n\t\t<p>Your message was sent successfully!\n\t\t<\/p>\n\t<\/div>\n\t<div class=\"errorform text-center\">\n\t\t<p>Something went wrong, try refreshing and submitting the form again.\n\t\t<\/p>\n\t<\/div>\n\t<div class=\"input-wrapper\">\n\t\t<p><span class=\"wpcf7-form-control-wrap\" data-name=\"your-name\"><input size=\"40\" maxlength=\"400\" class=\"wpcf7-form-control wpcf7-text wpcf7-validates-as-required form-control input-custom\" aria-required=\"true\" aria-invalid=\"false\" placeholder=\"Imi\u0119\" value=\"\" type=\"text\" name=\"your-name\" \/><\/span>\n\t\t<\/p>\n\t<\/div>\n\t<div class=\"input-wrapper\">\n\t\t<p><span class=\"wpcf7-form-control-wrap\" data-name=\"your-email\"><input size=\"40\" maxlength=\"400\" class=\"wpcf7-form-control wpcf7-email wpcf7-validates-as-required wpcf7-text wpcf7-validates-as-email form-control input-custom\" aria-required=\"true\" aria-invalid=\"false\" placeholder=\"Adres email\" value=\"\" type=\"email\" name=\"your-email\" \/><\/span>\n\t\t<\/p>\n\t<\/div>\n\t<div class=\"input-wrapper\">\n\t\t<p><span class=\"wpcf7-form-control-wrap\" data-name=\"your-message\"><textarea cols=\"40\" rows=\"10\" maxlength=\"2000\" class=\"wpcf7-form-control wpcf7-textarea wpcf7-validates-as-required form-control textarea-custom\" aria-required=\"true\" aria-invalid=\"false\" placeholder=\"Wiadomo\u015b\u0107\" name=\"your-message\"><\/textarea><\/span>\n\t\t<\/p>\n\t<\/div>\n\t<div class=\"text-center\">\n\t\t<p><input class=\"wpcf7-form-control wpcf7-submit has-spinner btn\" type=\"submit\" value=\"Wy\u015blij wiadomo\u015b\u0107\" \/>\n\t\t<\/p>\n\t<\/div>\n<\/div><div class=\"wpcf7-response-output\" aria-hidden=\"true\"><\/div>\n<\/form>\n<\/div>\n<\/div>\n\t\t\t\t\t\t<\/div>\n\t\t\t\t<\/div>\n\t\t\t\t\t<\/div>\n\t\t<\/div>\n\t\t\t\t\t<\/div>\n\t\t<\/section>\n\t\t\t\t<section class=\"elementor-section elementor-top-section elementor-element elementor-element-401c506 elementor-section-boxed elementor-section-height-default elementor-section-height-default\" data-id=\"401c506\" data-element_type=\"section\">\n\t\t\t\t\t\t<div class=\"elementor-container elementor-column-gap-default\">\n\t\t\t\t\t<div class=\"elementor-column elementor-col-50 elementor-top-column elementor-element elementor-element-143e29d\" data-id=\"143e29d\" data-element_type=\"column\">\n\t\t\t<div class=\"elementor-widget-wrap\">\n\t\t\t\t\t\t\t<\/div>\n\t\t<\/div>\n\t\t\t\t<div class=\"elementor-column elementor-col-50 elementor-top-column elementor-element elementor-element-86b5845\" data-id=\"86b5845\" data-element_type=\"column\">\n\t\t\t<div class=\"elementor-widget-wrap\">\n\t\t\t\t\t\t\t<\/div>\n\t\t<\/div>\n\t\t\t\t\t<\/div>\n\t\t<\/section>\n\t\t\t\t<\/div>\n\t\t","protected":false},"excerpt":{"rendered":"<p>Masz pytania, w\u0105tpliwo\u015bci b\u0105d\u017a potrzebujesz wyceny? Skontaktuj si\u0119 z nami! \u00a0 \u00a0 \u00a0 \u00a0 \u00a0 \u00a0 \u00a0 \u00a0 \u00a0 \u00a0 \u00a0 \u00a0Kontakt\u00a0 \u00a0 \u00a0 \u00a0 \u00a0 \u00a0 \u00a0 \u00a0 \u00a0 Wype\u0142nij Formularz\u00a0 \u00a0<\/p>\n","protected":false},"author":1,"featured_media":0,"parent":0,"menu_order":0,"comment_status":"closed","ping_status":"closed","template":"elementor_header_footer","meta":{"footnotes":""},"class_list":["post-453","page","type-page","status-publish","hentry"],"_links":{"self":[{"href":"https:\/\/sprzatneto.pl.joton.dev\/index.php\/wp-json\/wp\/v2\/pages\/453","targetHints":{"allow":["GET"]}}],"collection":[{"href":"https:\/\/sprzatneto.pl.joton.dev\/index.php\/wp-json\/wp\/v2\/pages"}],"about":[{"href":"https:\/\/sprzatneto.pl.joton.dev\/index.php\/wp-json\/wp\/v2\/types\/page"}],"author":[{"embeddable":true,"href":"https:\/\/sprzatneto.pl.joton.dev\/index.php\/wp-json\/wp\/v2\/users\/1"}],"replies":[{"embeddable":true,"href":"https:\/\/sprzatneto.pl.joton.dev\/index.php\/wp-json\/wp\/v2\/comments?post=453"}],"version-history":[{"count":22,"href":"https:\/\/sprzatneto.pl.joton.dev\/index.php\/wp-json\/wp\/v2\/pages\/453\/revisions"}],"predecessor-version":[{"id":1975,"href":"https:\/\/sprzatneto.pl.joton.dev\/index.php\/wp-json\/wp\/v2\/pages\/453\/revisions\/1975"}],"wp:attachment":[{"href":"https:\/\/sprzatneto.pl.joton.dev\/index.php\/wp-json\/wp\/v2\/media?parent=453"}],"curies":[{"name":"wp","href":"https:\/\/api.w.org\/{rel}","templated":true}]}}