{"id":394,"date":"2021-08-06T04:52:40","date_gmt":"2021-08-06T04:52:40","guid":{"rendered":"https:\/\/smartdata.tonytemplates.com\/cleaning-service-v3\/?page_id=394"},"modified":"2025-08-06T14:35:00","modified_gmt":"2025-08-06T14:35:00","slug":"faqs","status":"publish","type":"page","link":"https:\/\/sprzatneto.pl.joton.dev\/index.php\/faqs\/","title":{"rendered":"Pytania"},"content":{"rendered":"\t\t<div data-elementor-type=\"wp-page\" data-elementor-id=\"394\" class=\"elementor elementor-394\">\n\t\t\t\t\t\t<section class=\"elementor-section elementor-top-section elementor-element elementor-element-94ddb35 elementor-section-boxed elementor-section-height-default elementor-section-height-default\" data-id=\"94ddb35\" data-element_type=\"section\">\n\t\t\t\t\t\t<div class=\"elementor-container elementor-column-gap-no\">\n\t\t\t\t\t<div class=\"elementor-column elementor-col-100 elementor-top-column elementor-element elementor-element-c761269\" data-id=\"c761269\" data-element_type=\"column\">\n\t\t\t<div class=\"elementor-widget-wrap elementor-element-populated\">\n\t\t\t\t\t\t<div class=\"elementor-element elementor-element-4afb0c3 elementor-widget__width-initial elementor-widget elementor-widget-text-editor\" data-id=\"4afb0c3\" data-element_type=\"widget\" data-widget_type=\"text-editor.default\">\n\t\t\t\t<div class=\"elementor-widget-container\">\n\t\t\t\t\t\t\t\t\t<h2 class=\"font-DMSans font-semibold leading-tight pb-8 text-2xl text-center text-secondary lg:pb-20 lg:text-[40px] aos-init aos-animate\" style=\"--tw-border-spacing-x: 0; --tw-border-spacing-y: 0; --tw-translate-x: 0; --tw-translate-y: 0; --tw-rotate: 0; --tw-skew-x: 0; --tw-skew-y: 0; --tw-scale-x: 1; --tw-scale-y: 1; --tw-scroll-snap-strictness: proximity; --tw-ring-offset-width: 0px; --tw-ring-offset-color: #fff; --tw-ring-color: rgba(59,130,246,0.5); --tw-ring-offset-shadow: 0 0 rgba(0,0,0,0); --tw-ring-shadow: 0 0 rgba(0,0,0,0); --tw-shadow: 0 0 rgba(0,0,0,0); --tw-shadow-colored: 0 0 rgba(0,0,0,0); font-size: 40px; margin-bottom: 0px; font-family: 'DM Sans', sans-serif; padding-bottom: 5rem; line-height: 1.25; --tw-text-opacity: 1; color: #6e6e73; pointer-events: auto; transition-duration: 1s; transition-timing-function: ease; opacity: 1; transition-property: opacity, transform, -webkit-transform; transform: none; background-color: #f5f5f7; border: 0px solid #e5e7eb;\" data-aos=\"fade\">Najcz\u0119\u015bciej zadawane pytania<span style=\"color: #7a7a7a; font-family: Roboto, sans-serif; font-size: 16px; background-color: initial;\">\u00a0<\/span><\/h2>\t\t\t\t\t\t\t\t<\/div>\n\t\t\t\t<\/div>\n\t\t\t\t\t<\/div>\n\t\t<\/div>\n\t\t\t\t\t<\/div>\n\t\t<\/section>\n\t\t\t\t<section class=\"elementor-section elementor-top-section elementor-element elementor-element-934bbc3 elementor-section-boxed elementor-section-height-default elementor-section-height-default\" data-id=\"934bbc3\" data-element_type=\"section\">\n\t\t\t\t\t\t<div class=\"elementor-container elementor-column-gap-no\">\n\t\t\t\t\t<div class=\"elementor-column elementor-col-100 elementor-top-column elementor-element elementor-element-3324bf1\" data-id=\"3324bf1\" data-element_type=\"column\">\n\t\t\t<div class=\"elementor-widget-wrap elementor-element-populated\">\n\t\t\t\t\t\t<div class=\"elementor-element elementor-element-996eee2 elementor-widget elementor-widget-cleaning_service_faq\" data-id=\"996eee2\" data-element_type=\"widget\" data-widget_type=\"cleaning_service_faq.default\">\n\t\t\t\t<div class=\"elementor-widget-container\">\n\t\t\t\t\t \t\n    <h2 class=\"text-center custom-headingfaq\"><\/h2>\n        <div class=\"panel-group\">\n             \n                <div class=\"faq-item\">\n                    <div class=\"panel\">\n                        <div class=\"panel-heading\">\n                            <h4 class=\"panel-title\"><a role=\"button\" data-toggle=\"collapse\" href=\"#faq996eee21\" class=\"\">Czy u\u017cywane przez nas \u015brodki czysto\u015bci s\u0105 bezpieczne dla dzieci i zwierz\u0105t?<span class=\"caret-toggle closed\">\u2013<\/span><span class=\"caret-toggle opened\">+<\/span><\/a><\/h4>\n                        <\/div>\n                        <div id=\"faq996eee21\" class=\"panel-collapse collapse in\">\n                            <div class=\"panel-body\">\n                               Zdecydowanie. Bezpiecze\u0144stwo Twoich bliskich i zwierz\u0105t domowych jest dla nas priorytetem. Nasze \u015brodki czyszcz\u0105ce s\u0105 nietoksyczne i przyjazne dla \u015brodowiska, zapewniaj\u0105c wszystkim zdrow\u0105 i czyst\u0105 przestrze\u0144.                            <\/div>\n                        <\/div>\n                    <\/div>\n                <\/div>\n                 \n                <div class=\"faq-item\">\n                    <div class=\"panel\">\n                        <div class=\"panel-heading\">\n                            <h4 class=\"panel-title\"><a role=\"button\" data-toggle=\"collapse\" href=\"#faq996eee22\" class=\"collapsed\">Co je\u015bli zwierz\u0119ta s\u0105 w domu?<span class=\"caret-toggle closed\">\u2013<\/span><span class=\"caret-toggle opened\">+<\/span><\/a><\/h4>\n                        <\/div>\n                        <div id=\"faq996eee22\" class=\"panel-collapse collapse \">\n                            <div class=\"panel-body\">\n                               Kochamy wszystkie zwierzaki. Absolutnie nam nie przeszkadzaj\u0105. Z nami b\u0119d\u0105 bezpieczne \ud83d\ude42\n\n<p>Wedle \u017cyczenia mo\u017cemy wyprowadzi\u0107 Twojego pupila na kr\u00f3tki spacer ko\u0142o domu.                            <\/div>\n                        <\/div>\n                    <\/div>\n                <\/div>\n                 \n                <div class=\"faq-item\">\n                    <div class=\"panel\">\n                        <div class=\"panel-heading\">\n                            <h4 class=\"panel-title\"><a role=\"button\" data-toggle=\"collapse\" href=\"#faq996eee23\" class=\"collapsed\">Czy musz\u0119 by\u0107 obecny podczas sprz\u0105tania?<span class=\"caret-toggle closed\">\u2013<\/span><span class=\"caret-toggle opened\">+<\/span><\/a><\/h4>\n                        <\/div>\n                        <div id=\"faq996eee23\" class=\"panel-collapse collapse \">\n                            <div class=\"panel-body\">\n                               Ty decydujesz, my si\u0119 dostosujemy \ud83d\ude42 \nJe\u015bli b\u0119dziesz nieobecny podczas sprz\u0105tania prosimy o pozostawienie klucza b\u0105d\u017a podania kodu dost\u0119pu.                            <\/div>\n                        <\/div>\n                    <\/div>\n                <\/div>\n                 \n                <div class=\"faq-item\">\n                    <div class=\"panel\">\n                        <div class=\"panel-heading\">\n                            <h4 class=\"panel-title\"><a role=\"button\" data-toggle=\"collapse\" href=\"#faq996eee24\" class=\"collapsed\">Jak mog\u0119 zarezerwowa\u0107 us\u0142ug\u0119 sprz\u0105tania?<span class=\"caret-toggle closed\">\u2013<\/span><span class=\"caret-toggle opened\">+<\/span><\/a><\/h4>\n                        <\/div>\n                        <div id=\"faq996eee24\" class=\"panel-collapse collapse \">\n                            <div class=\"panel-body\">\n                               TO PROSTE! Wystarczy odwiedzi\u0107 nasz\u0105 stron\u0119 internetow\u0105, zadzwoni\u0107 lub wype\u0142ni\u0107 formularz kontaktowy. Podaj swoje dane kontaktowe i us\u0142ug\u0119, kt\u00f3rej potrzebujesz oraz dogodny termin. My zajmiemy si\u0119 reszt\u0105. <p><p>Znajdziesz nas r\u00f3wnie\u017c na mediach spo\u0142eczno\u015bciowych.                            <\/div>\n                        <\/div>\n                    <\/div>\n                <\/div>\n                 \n                <div class=\"faq-item\">\n                    <div class=\"panel\">\n                        <div class=\"panel-heading\">\n                            <h4 class=\"panel-title\"><a role=\"button\" data-toggle=\"collapse\" href=\"#faq996eee25\" class=\"collapsed\">Na jakich obszarach \u015bwiadczycie us\u0142ugi sprz\u0105tania?<span class=\"caret-toggle closed\">\u2013<\/span><span class=\"caret-toggle opened\">+<\/span><\/a><\/h4>\n                        <\/div>\n                        <div id=\"faq996eee25\" class=\"panel-collapse collapse \">\n                            <div class=\"panel-body\">\n                               Mo\u017cesz zam\u00f3wi\u0107 us\u0142ug\u0119 w Bia\u0142ymstoku, jak r\u00f3wnie\u017c w okolicach.                            <\/div>\n                        <\/div>\n                    <\/div>\n                <\/div>\n                 \n                <div class=\"faq-item\">\n                    <div class=\"panel\">\n                        <div class=\"panel-heading\">\n                            <h4 class=\"panel-title\"><a role=\"button\" data-toggle=\"collapse\" href=\"#faq996eee26\" class=\"collapsed\">Czy mog\u0119 dostosowa\u0107 us\u0142ug\u0119 do moich potrzeb?<span class=\"caret-toggle closed\">\u2013<\/span><span class=\"caret-toggle opened\">+<\/span><\/a><\/h4>\n                        <\/div>\n                        <div id=\"faq996eee26\" class=\"panel-collapse collapse \">\n                            <div class=\"panel-body\">\n                               Oczywi\u015bcie! Oferujemy spersonalizowane oferty sprz\u0105tania, aby spe\u0142ni\u0107 indywidualne wymagania. Wystarczy, \u017ce powiesz nam, czego potrzebujesz, a my dostosujemy nasze us\u0142ugi do Twoich potrzeb.                            <\/div>\n                        <\/div>\n                    <\/div>\n                <\/div>\n                 \n                <div class=\"faq-item\">\n                    <div class=\"panel\">\n                        <div class=\"panel-heading\">\n                            <h4 class=\"panel-title\"><a role=\"button\" data-toggle=\"collapse\" href=\"#faq996eee27\" class=\"collapsed\">Czym jest Decluttering?<span class=\"caret-toggle closed\">\u2013<\/span><span class=\"caret-toggle opened\">+<\/span><\/a><\/h4>\n                        <\/div>\n                        <div id=\"faq996eee27\" class=\"panel-collapse collapse \">\n                            <div class=\"panel-body\">\n                               To co\u015b wi\u0119cej ni\u017c tylko sprz\u0105tanie \u2013 to kompleksowe zorganizowanie przestrzeni i przywr\u00f3cenie jej funkcjonalno\u015bci, estetyki i lekko\u015bci.                            <\/div>\n                        <\/div>\n                    <\/div>\n                <\/div>\n                        <\/div>\n        <div class=\"divider\"><\/div>\n\t\t\t\t<\/div>\n\t\t\t\t<\/div>\n\t\t\t\t\t<\/div>\n\t\t<\/div>\n\t\t\t\t\t<\/div>\n\t\t<\/section>\n\t\t\t\t<section class=\"elementor-section elementor-top-section elementor-element elementor-element-29bad47 elementor-section-boxed elementor-section-height-default elementor-section-height-default\" data-id=\"29bad47\" data-element_type=\"section\">\n\t\t\t\t\t\t<div class=\"elementor-container elementor-column-gap-default\">\n\t\t\t\t\t<div class=\"elementor-column elementor-col-100 elementor-top-column elementor-element elementor-element-62ce42e\" data-id=\"62ce42e\" data-element_type=\"column\">\n\t\t\t<div class=\"elementor-widget-wrap\">\n\t\t\t\t\t\t\t<\/div>\n\t\t<\/div>\n\t\t\t\t\t<\/div>\n\t\t<\/section>\n\t\t\t\t<section class=\"elementor-section elementor-top-section elementor-element elementor-element-ebd7e1d elementor-section-boxed elementor-section-height-default elementor-section-height-default\" data-id=\"ebd7e1d\" data-element_type=\"section\">\n\t\t\t\t\t\t<div class=\"elementor-container elementor-column-gap-default\">\n\t\t\t\t\t<div class=\"elementor-column elementor-col-100 elementor-top-column elementor-element elementor-element-1a56e60\" data-id=\"1a56e60\" data-element_type=\"column\">\n\t\t\t<div class=\"elementor-widget-wrap\">\n\t\t\t\t\t\t\t<\/div>\n\t\t<\/div>\n\t\t\t\t\t<\/div>\n\t\t<\/section>\n\t\t\t\t<\/div>\n\t\t","protected":false},"excerpt":{"rendered":"<p>Najcz\u0119\u015bciej zadawane pytania\u00a0 Czy u\u017cywane przez nas \u015brodki czysto\u015bci s\u0105 bezpieczne dla dzieci i zwierz\u0105t?\u2013+ Zdecydowanie. Bezpiecze\u0144stwo Twoich bliskich i zwierz\u0105t domowych jest dla nas priorytetem. Nasze \u015brodki czyszcz\u0105ce s\u0105 nietoksyczne i przyjazne dla \u015brodowiska, zapewniaj\u0105c wszystkim zdrow\u0105 i czyst\u0105 przestrze\u0144. Co je\u015bli zwierz\u0119ta s\u0105 w domu?\u2013+ Kochamy wszystkie zwierzaki. Absolutnie nam nie przeszkadzaj\u0105. Z [&hellip;]<\/p>\n","protected":false},"author":1,"featured_media":0,"parent":0,"menu_order":0,"comment_status":"closed","ping_status":"closed","template":"elementor_header_footer","meta":{"footnotes":""},"class_list":["post-394","page","type-page","status-publish","hentry"],"_links":{"self":[{"href":"https:\/\/sprzatneto.pl.joton.dev\/index.php\/wp-json\/wp\/v2\/pages\/394","targetHints":{"allow":["GET"]}}],"collection":[{"href":"https:\/\/sprzatneto.pl.joton.dev\/index.php\/wp-json\/wp\/v2\/pages"}],"about":[{"href":"https:\/\/sprzatneto.pl.joton.dev\/index.php\/wp-json\/wp\/v2\/types\/page"}],"author":[{"embeddable":true,"href":"https:\/\/sprzatneto.pl.joton.dev\/index.php\/wp-json\/wp\/v2\/users\/1"}],"replies":[{"embeddable":true,"href":"https:\/\/sprzatneto.pl.joton.dev\/index.php\/wp-json\/wp\/v2\/comments?post=394"}],"version-history":[{"count":31,"href":"https:\/\/sprzatneto.pl.joton.dev\/index.php\/wp-json\/wp\/v2\/pages\/394\/revisions"}],"predecessor-version":[{"id":2156,"href":"https:\/\/sprzatneto.pl.joton.dev\/index.php\/wp-json\/wp\/v2\/pages\/394\/revisions\/2156"}],"wp:attachment":[{"href":"https:\/\/sprzatneto.pl.joton.dev\/index.php\/wp-json\/wp\/v2\/media?parent=394"}],"curies":[{"name":"wp","href":"https:\/\/api.w.org\/{rel}","templated":true}]}}