{"id":344,"date":"2021-08-06T03:56:15","date_gmt":"2021-08-06T03:56:15","guid":{"rendered":"https:\/\/smartdata.tonytemplates.com\/cleaning-service-v3\/?page_id=344"},"modified":"2025-08-09T07:51:15","modified_gmt":"2025-08-09T07:51:15","slug":"our-services","status":"publish","type":"page","link":"https:\/\/sprzatneto.pl.joton.dev\/index.php\/our-services\/","title":{"rendered":"Us\u0142ugi"},"content":{"rendered":"\t\t<div data-elementor-type=\"wp-page\" data-elementor-id=\"344\" class=\"elementor elementor-344\">\n\t\t\t\t\t\t<section class=\"elementor-section elementor-top-section elementor-element elementor-element-3fd53bc elementor-section-full_width elementor-section-height-default elementor-section-height-default\" data-id=\"3fd53bc\" data-element_type=\"section\">\n\t\t\t\t\t\t<div class=\"elementor-container elementor-column-gap-no\">\n\t\t\t\t\t<div class=\"elementor-column elementor-col-100 elementor-top-column elementor-element elementor-element-31fe945\" data-id=\"31fe945\" data-element_type=\"column\">\n\t\t\t<div class=\"elementor-widget-wrap elementor-element-populated\">\n\t\t\t\t\t\t<div class=\"elementor-element elementor-element-d54269b elementor-widget elementor-widget-cleaning_service_banner\" data-id=\"d54269b\" data-element_type=\"widget\" data-widget_type=\"cleaning_service_banner.default\">\n\t\t\t\t<div class=\"elementor-widget-container\">\n\t\t\t\t\t \n    <div class=\"block\">\n        <div class=\"container\">\n            \t\t\t\t<h2 class=\"text-center h-lg h-decor\">\n\t\t\t\t\tNasze Us\u0142ugi\t\t\t\t<\/h2>\n\t\t\t            <div class=\"text-center max-800\">\n                <p class=\"p-lg\">Niezawodne rozwi\u0105zania czyszcz\u0105ce dla przestrzeni komercyjnych i mieszkalnych.<\/p>\n            <\/div>\n                        <div class=\"row services-grid style-2 services-mobile-carousel\">\n                                        <div class=\"col-xs-6 col-sm-4 col-md-3 service-box\">\n                                                            <a href=\"https:\/\/sprzatneto.pl.joton.dev\/index.php\/cleaning_services\/house-cleaning\/\"   class=\"service-box-img\">\n                                <img fetchpriority=\"high\" decoding=\"async\" width=\"2560\" height=\"1439\" src=\"https:\/\/sprzatneto.pl.joton.dev\/wp-content\/uploads\/2025\/08\/Moderne-Villa-Mit-Garage-2-\u2013-ze-zmianami-scaled.jpg\" class=\"attachment-full size-full\" alt=\"\" srcset=\"https:\/\/sprzatneto.pl.joton.dev\/wp-content\/uploads\/2025\/08\/Moderne-Villa-Mit-Garage-2-\u2013-ze-zmianami-scaled.jpg 2560w, https:\/\/sprzatneto.pl.joton.dev\/wp-content\/uploads\/2025\/08\/Moderne-Villa-Mit-Garage-2-\u2013-ze-zmianami-300x169.jpg 300w, https:\/\/sprzatneto.pl.joton.dev\/wp-content\/uploads\/2025\/08\/Moderne-Villa-Mit-Garage-2-\u2013-ze-zmianami-1024x576.jpg 1024w, https:\/\/sprzatneto.pl.joton.dev\/wp-content\/uploads\/2025\/08\/Moderne-Villa-Mit-Garage-2-\u2013-ze-zmianami-768x432.jpg 768w, https:\/\/sprzatneto.pl.joton.dev\/wp-content\/uploads\/2025\/08\/Moderne-Villa-Mit-Garage-2-\u2013-ze-zmianami-1536x864.jpg 1536w, https:\/\/sprzatneto.pl.joton.dev\/wp-content\/uploads\/2025\/08\/Moderne-Villa-Mit-Garage-2-\u2013-ze-zmianami-2048x1151.jpg 2048w, https:\/\/sprzatneto.pl.joton.dev\/wp-content\/uploads\/2025\/08\/Moderne-Villa-Mit-Garage-2-\u2013-ze-zmianami-859x483.jpg 859w, https:\/\/sprzatneto.pl.joton.dev\/wp-content\/uploads\/2025\/08\/Moderne-Villa-Mit-Garage-2-\u2013-ze-zmianami-600x337.jpg 600w\" sizes=\"(max-width: 2560px) 100vw, 2560px\" \/>                                <\/a>\n                                                        <h4 class=\"service-box-title\">DOMY I MIESZKANIA<\/h4>\n                            <div class=\"service-box-text\"><\/div>\n                                                            <a href=\"https:\/\/sprzatneto.pl.joton.dev\/index.php\/cleaning_services\/house-cleaning\/\"   class=\"service-box-more\">\n                                    Dowiedz si\u0119 wi\u0119cej<i class=\"icon-play\"><\/i>\n                                <\/a>\n                                                    <\/div>\n                                            <div class=\"col-xs-6 col-sm-4 col-md-3 service-box\">\n                                                            <a href=\"https:\/\/sprzatneto.pl.joton.dev\/index.php\/cleaning_services\/residential-cleaning\/\"   class=\"service-box-img\">\n                                <img decoding=\"async\" width=\"2560\" height=\"1440\" src=\"https:\/\/sprzatneto.pl.joton.dev\/wp-content\/uploads\/2025\/08\/AdobeStock_1220090350-scaled.jpeg\" class=\"attachment-full size-full\" alt=\"\" srcset=\"https:\/\/sprzatneto.pl.joton.dev\/wp-content\/uploads\/2025\/08\/AdobeStock_1220090350-scaled.jpeg 2560w, https:\/\/sprzatneto.pl.joton.dev\/wp-content\/uploads\/2025\/08\/AdobeStock_1220090350-300x169.jpeg 300w, https:\/\/sprzatneto.pl.joton.dev\/wp-content\/uploads\/2025\/08\/AdobeStock_1220090350-1024x576.jpeg 1024w, https:\/\/sprzatneto.pl.joton.dev\/wp-content\/uploads\/2025\/08\/AdobeStock_1220090350-768x432.jpeg 768w, https:\/\/sprzatneto.pl.joton.dev\/wp-content\/uploads\/2025\/08\/AdobeStock_1220090350-1536x864.jpeg 1536w, https:\/\/sprzatneto.pl.joton.dev\/wp-content\/uploads\/2025\/08\/AdobeStock_1220090350-2048x1152.jpeg 2048w, https:\/\/sprzatneto.pl.joton.dev\/wp-content\/uploads\/2025\/08\/AdobeStock_1220090350-859x483.jpeg 859w, https:\/\/sprzatneto.pl.joton.dev\/wp-content\/uploads\/2025\/08\/AdobeStock_1220090350-600x338.jpeg 600w\" sizes=\"(max-width: 2560px) 100vw, 2560px\" \/>                                <\/a>\n                                                        <h4 class=\"service-box-title\">HOME STAGING<\/h4>\n                            <div class=\"service-box-text\"><\/div>\n                                                            <a href=\"https:\/\/sprzatneto.pl.joton.dev\/index.php\/cleaning_services\/residential-cleaning\/\"   class=\"service-box-more\">\n                                    Dowiedz si\u0119 wi\u0119cej<i class=\"icon-play\"><\/i>\n                                <\/a>\n                                                    <\/div>\n                                            <div class=\"col-xs-6 col-sm-4 col-md-3 service-box\">\n                                                            <a href=\"https:\/\/sprzatneto.pl.joton.dev\/index.php\/cleaning_services\/apartment-cleaning\/\"   class=\"service-box-img\">\n                                <img decoding=\"async\" width=\"2560\" height=\"1439\" src=\"https:\/\/sprzatneto.pl.joton.dev\/wp-content\/uploads\/2025\/08\/AdobeStock_1433771663-\u2013-ze-zmianami-scaled.jpg\" class=\"attachment-full size-full\" alt=\"\" srcset=\"https:\/\/sprzatneto.pl.joton.dev\/wp-content\/uploads\/2025\/08\/AdobeStock_1433771663-\u2013-ze-zmianami-scaled.jpg 2560w, https:\/\/sprzatneto.pl.joton.dev\/wp-content\/uploads\/2025\/08\/AdobeStock_1433771663-\u2013-ze-zmianami-300x169.jpg 300w, https:\/\/sprzatneto.pl.joton.dev\/wp-content\/uploads\/2025\/08\/AdobeStock_1433771663-\u2013-ze-zmianami-1024x576.jpg 1024w, https:\/\/sprzatneto.pl.joton.dev\/wp-content\/uploads\/2025\/08\/AdobeStock_1433771663-\u2013-ze-zmianami-768x432.jpg 768w, https:\/\/sprzatneto.pl.joton.dev\/wp-content\/uploads\/2025\/08\/AdobeStock_1433771663-\u2013-ze-zmianami-1536x864.jpg 1536w, https:\/\/sprzatneto.pl.joton.dev\/wp-content\/uploads\/2025\/08\/AdobeStock_1433771663-\u2013-ze-zmianami-2048x1151.jpg 2048w, https:\/\/sprzatneto.pl.joton.dev\/wp-content\/uploads\/2025\/08\/AdobeStock_1433771663-\u2013-ze-zmianami-859x483.jpg 859w, https:\/\/sprzatneto.pl.joton.dev\/wp-content\/uploads\/2025\/08\/AdobeStock_1433771663-\u2013-ze-zmianami-600x337.jpg 600w\" sizes=\"(max-width: 2560px) 100vw, 2560px\" \/>                                <\/a>\n                                                        <h4 class=\"service-box-title\">APARTAMENTY <\/h4>\n                            <div class=\"service-box-text\"><\/div>\n                                                            <a href=\"https:\/\/sprzatneto.pl.joton.dev\/index.php\/cleaning_services\/apartment-cleaning\/\"   class=\"service-box-more\">\n                                    Dowiedz si\u0119 wi\u0119cej<i class=\"icon-play\"><\/i>\n                                <\/a>\n                                                    <\/div>\n                                            <div class=\"col-xs-6 col-sm-4 col-md-3 service-box\">\n                                                            <a href=\"https:\/\/sprzatneto.pl.joton.dev\/index.php\/cleaning_services\/commercial-cleaning\/\"   class=\"service-box-img\">\n                                <img loading=\"lazy\" decoding=\"async\" width=\"2560\" height=\"1440\" src=\"https:\/\/sprzatneto.pl.joton.dev\/wp-content\/uploads\/2017\/06\/AdobeStock_611178460-scaled.jpeg\" class=\"attachment-full size-full\" alt=\"\" srcset=\"https:\/\/sprzatneto.pl.joton.dev\/wp-content\/uploads\/2017\/06\/AdobeStock_611178460-scaled.jpeg 2560w, https:\/\/sprzatneto.pl.joton.dev\/wp-content\/uploads\/2017\/06\/AdobeStock_611178460-300x169.jpeg 300w, https:\/\/sprzatneto.pl.joton.dev\/wp-content\/uploads\/2017\/06\/AdobeStock_611178460-1024x576.jpeg 1024w, https:\/\/sprzatneto.pl.joton.dev\/wp-content\/uploads\/2017\/06\/AdobeStock_611178460-768x432.jpeg 768w, https:\/\/sprzatneto.pl.joton.dev\/wp-content\/uploads\/2017\/06\/AdobeStock_611178460-1536x864.jpeg 1536w, https:\/\/sprzatneto.pl.joton.dev\/wp-content\/uploads\/2017\/06\/AdobeStock_611178460-2048x1152.jpeg 2048w, https:\/\/sprzatneto.pl.joton.dev\/wp-content\/uploads\/2017\/06\/AdobeStock_611178460-859x483.jpeg 859w, https:\/\/sprzatneto.pl.joton.dev\/wp-content\/uploads\/2017\/06\/AdobeStock_611178460-600x338.jpeg 600w\" sizes=\"(max-width: 2560px) 100vw, 2560px\" \/>                                <\/a>\n                                                        <h4 class=\"service-box-title\">BIURA I LOKALE <\/h4>\n                            <div class=\"service-box-text\">\n<\/div>\n                                                            <a href=\"https:\/\/sprzatneto.pl.joton.dev\/index.php\/cleaning_services\/commercial-cleaning\/\"   class=\"service-box-more\">\n                                    Dowiedz si\u0119 wi\u0119cej<i class=\"icon-play\"><\/i>\n                                <\/a>\n                                                    <\/div>\n                                            <div class=\"col-xs-6 col-sm-4 col-md-3 service-box\">\n                                                            <a href=\"https:\/\/sprzatneto.pl.joton.dev\/index.php\/cleaning_services\/carpet-cleaning\/\"   class=\"service-box-img\">\n                                <img loading=\"lazy\" decoding=\"async\" width=\"9034\" height=\"5081\" src=\"https:\/\/sprzatneto.pl.joton.dev\/wp-content\/uploads\/2025\/08\/Donating-Decluttering-and-Cleaning-up-Wardrobe-\u2013-ze-zmianami.jpg\" class=\"attachment-full size-full\" alt=\"\" srcset=\"https:\/\/sprzatneto.pl.joton.dev\/wp-content\/uploads\/2025\/08\/Donating-Decluttering-and-Cleaning-up-Wardrobe-\u2013-ze-zmianami.jpg 9034w, https:\/\/sprzatneto.pl.joton.dev\/wp-content\/uploads\/2025\/08\/Donating-Decluttering-and-Cleaning-up-Wardrobe-\u2013-ze-zmianami-300x169.jpg 300w, https:\/\/sprzatneto.pl.joton.dev\/wp-content\/uploads\/2025\/08\/Donating-Decluttering-and-Cleaning-up-Wardrobe-\u2013-ze-zmianami-1024x576.jpg 1024w, https:\/\/sprzatneto.pl.joton.dev\/wp-content\/uploads\/2025\/08\/Donating-Decluttering-and-Cleaning-up-Wardrobe-\u2013-ze-zmianami-768x432.jpg 768w, https:\/\/sprzatneto.pl.joton.dev\/wp-content\/uploads\/2025\/08\/Donating-Decluttering-and-Cleaning-up-Wardrobe-\u2013-ze-zmianami-1536x864.jpg 1536w, https:\/\/sprzatneto.pl.joton.dev\/wp-content\/uploads\/2025\/08\/Donating-Decluttering-and-Cleaning-up-Wardrobe-\u2013-ze-zmianami-859x483.jpg 859w, https:\/\/sprzatneto.pl.joton.dev\/wp-content\/uploads\/2025\/08\/Donating-Decluttering-and-Cleaning-up-Wardrobe-\u2013-ze-zmianami-600x337.jpg 600w\" sizes=\"(max-width: 9034px) 100vw, 9034px\" \/>                                <\/a>\n                                                        <h4 class=\"service-box-title\">DECLUTTERING<\/h4>\n                            <div class=\"service-box-text\"><\/div>\n                                                            <a href=\"https:\/\/sprzatneto.pl.joton.dev\/index.php\/cleaning_services\/carpet-cleaning\/\"   class=\"service-box-more\">\n                                    Dowiedz si\u0119 wi\u0119cej<i class=\"icon-play\"><\/i>\n                                <\/a>\n                                                    <\/div>\n                                            <div class=\"col-xs-6 col-sm-4 col-md-3 service-box\">\n                                                            <a href=\"https:\/\/sprzatneto.pl.joton.dev\/index.php\/cleaning_services\/move-in-move-out\/\"   class=\"service-box-img\">\n                                <img loading=\"lazy\" decoding=\"async\" width=\"2560\" height=\"1440\" src=\"https:\/\/sprzatneto.pl.joton.dev\/wp-content\/uploads\/2025\/08\/Wardrobe-Boxes-with-Clothes-and-Other-Things-Prepared-for-House-Moving-in-Room-\u2013-ze-zmianami-scaled.jpg\" class=\"attachment-full size-full\" alt=\"\" srcset=\"https:\/\/sprzatneto.pl.joton.dev\/wp-content\/uploads\/2025\/08\/Wardrobe-Boxes-with-Clothes-and-Other-Things-Prepared-for-House-Moving-in-Room-\u2013-ze-zmianami-scaled.jpg 2560w, https:\/\/sprzatneto.pl.joton.dev\/wp-content\/uploads\/2025\/08\/Wardrobe-Boxes-with-Clothes-and-Other-Things-Prepared-for-House-Moving-in-Room-\u2013-ze-zmianami-300x169.jpg 300w, https:\/\/sprzatneto.pl.joton.dev\/wp-content\/uploads\/2025\/08\/Wardrobe-Boxes-with-Clothes-and-Other-Things-Prepared-for-House-Moving-in-Room-\u2013-ze-zmianami-1024x576.jpg 1024w, https:\/\/sprzatneto.pl.joton.dev\/wp-content\/uploads\/2025\/08\/Wardrobe-Boxes-with-Clothes-and-Other-Things-Prepared-for-House-Moving-in-Room-\u2013-ze-zmianami-768x432.jpg 768w, https:\/\/sprzatneto.pl.joton.dev\/wp-content\/uploads\/2025\/08\/Wardrobe-Boxes-with-Clothes-and-Other-Things-Prepared-for-House-Moving-in-Room-\u2013-ze-zmianami-1536x864.jpg 1536w, https:\/\/sprzatneto.pl.joton.dev\/wp-content\/uploads\/2025\/08\/Wardrobe-Boxes-with-Clothes-and-Other-Things-Prepared-for-House-Moving-in-Room-\u2013-ze-zmianami-2048x1152.jpg 2048w, https:\/\/sprzatneto.pl.joton.dev\/wp-content\/uploads\/2025\/08\/Wardrobe-Boxes-with-Clothes-and-Other-Things-Prepared-for-House-Moving-in-Room-\u2013-ze-zmianami-859x483.jpg 859w, https:\/\/sprzatneto.pl.joton.dev\/wp-content\/uploads\/2025\/08\/Wardrobe-Boxes-with-Clothes-and-Other-Things-Prepared-for-House-Moving-in-Room-\u2013-ze-zmianami-600x338.jpg 600w\" sizes=\"(max-width: 2560px) 100vw, 2560px\" \/>                                <\/a>\n                                                        <h4 class=\"service-box-title\">PRZEPROWADZKI<\/h4>\n                            <div class=\"service-box-text\"><\/div>\n                                                            <a href=\"https:\/\/sprzatneto.pl.joton.dev\/index.php\/cleaning_services\/move-in-move-out\/\"   class=\"service-box-more\">\n                                    Dowiedz si\u0119 wi\u0119cej<i class=\"icon-play\"><\/i>\n                                <\/a>\n                                                    <\/div>\n                                            <div class=\"col-xs-6 col-sm-4 col-md-3 service-box\">\n                                                            <a href=\"https:\/\/sprzatneto.pl.joton.dev\/index.php\/cleaning_services\/window-cleaning\/\"   class=\"service-box-img\">\n                                <img loading=\"lazy\" decoding=\"async\" width=\"2560\" height=\"1441\" src=\"https:\/\/sprzatneto.pl.joton.dev\/wp-content\/uploads\/2025\/08\/Employee-Benefits-Concept.-Insurance-Paid-Vacation-Office-Perks-Fringe-Benefits-for-Employee-Engagement.-Businessman-Using-Laptop-with-Employee-Benefits-Icon-on-Virtual-Screen.-\u2013-ze-zmianami-scaled.jpg\" class=\"attachment-full size-full\" alt=\"\" srcset=\"https:\/\/sprzatneto.pl.joton.dev\/wp-content\/uploads\/2025\/08\/Employee-Benefits-Concept.-Insurance-Paid-Vacation-Office-Perks-Fringe-Benefits-for-Employee-Engagement.-Businessman-Using-Laptop-with-Employee-Benefits-Icon-on-Virtual-Screen.-\u2013-ze-zmianami-scaled.jpg 2560w, https:\/\/sprzatneto.pl.joton.dev\/wp-content\/uploads\/2025\/08\/Employee-Benefits-Concept.-Insurance-Paid-Vacation-Office-Perks-Fringe-Benefits-for-Employee-Engagement.-Businessman-Using-Laptop-with-Employee-Benefits-Icon-on-Virtual-Screen.-\u2013-ze-zmianami-300x169.jpg 300w, https:\/\/sprzatneto.pl.joton.dev\/wp-content\/uploads\/2025\/08\/Employee-Benefits-Concept.-Insurance-Paid-Vacation-Office-Perks-Fringe-Benefits-for-Employee-Engagement.-Businessman-Using-Laptop-with-Employee-Benefits-Icon-on-Virtual-Screen.-\u2013-ze-zmianami-1024x576.jpg 1024w, https:\/\/sprzatneto.pl.joton.dev\/wp-content\/uploads\/2025\/08\/Employee-Benefits-Concept.-Insurance-Paid-Vacation-Office-Perks-Fringe-Benefits-for-Employee-Engagement.-Businessman-Using-Laptop-with-Employee-Benefits-Icon-on-Virtual-Screen.-\u2013-ze-zmianami-768x432.jpg 768w, https:\/\/sprzatneto.pl.joton.dev\/wp-content\/uploads\/2025\/08\/Employee-Benefits-Concept.-Insurance-Paid-Vacation-Office-Perks-Fringe-Benefits-for-Employee-Engagement.-Businessman-Using-Laptop-with-Employee-Benefits-Icon-on-Virtual-Screen.-\u2013-ze-zmianami-1536x865.jpg 1536w, https:\/\/sprzatneto.pl.joton.dev\/wp-content\/uploads\/2025\/08\/Employee-Benefits-Concept.-Insurance-Paid-Vacation-Office-Perks-Fringe-Benefits-for-Employee-Engagement.-Businessman-Using-Laptop-with-Employee-Benefits-Icon-on-Virtual-Screen.-\u2013-ze-zmianami-2048x1153.jpg 2048w, https:\/\/sprzatneto.pl.joton.dev\/wp-content\/uploads\/2025\/08\/Employee-Benefits-Concept.-Insurance-Paid-Vacation-Office-Perks-Fringe-Benefits-for-Employee-Engagement.-Businessman-Using-Laptop-with-Employee-Benefits-Icon-on-Virtual-Screen.-\u2013-ze-zmianami-858x483.jpg 858w, https:\/\/sprzatneto.pl.joton.dev\/wp-content\/uploads\/2025\/08\/Employee-Benefits-Concept.-Insurance-Paid-Vacation-Office-Perks-Fringe-Benefits-for-Employee-Engagement.-Businessman-Using-Laptop-with-Employee-Benefits-Icon-on-Virtual-Screen.-\u2013-ze-zmianami-600x338.jpg 600w\" sizes=\"(max-width: 2560px) 100vw, 2560px\" \/>                                <\/a>\n                                                        <h4 class=\"service-box-title\">BENEFITY PRACOWNICZE<\/h4>\n                            <div class=\"service-box-text\"><\/div>\n                                                            <a href=\"https:\/\/sprzatneto.pl.joton.dev\/index.php\/cleaning_services\/window-cleaning\/\"   class=\"service-box-more\">\n                                    Dowiedz si\u0119 wi\u0119cej<i class=\"icon-play\"><\/i>\n                                <\/a>\n                                                    <\/div>\n                                            <div class=\"col-xs-6 col-sm-4 col-md-3 service-box\">\n                                                            <a href=\"https:\/\/sprzatneto.pl.joton.dev\/index.php\/cleaning_services\/after-renovation\/\"   class=\"service-box-img\">\n                                <img loading=\"lazy\" decoding=\"async\" width=\"2560\" height=\"1440\" src=\"https:\/\/sprzatneto.pl.joton.dev\/wp-content\/uploads\/2025\/08\/AdobeStock_1611221792-scaled.jpeg\" class=\"attachment-full size-full\" alt=\"\" srcset=\"https:\/\/sprzatneto.pl.joton.dev\/wp-content\/uploads\/2025\/08\/AdobeStock_1611221792-scaled.jpeg 2560w, https:\/\/sprzatneto.pl.joton.dev\/wp-content\/uploads\/2025\/08\/AdobeStock_1611221792-300x169.jpeg 300w, https:\/\/sprzatneto.pl.joton.dev\/wp-content\/uploads\/2025\/08\/AdobeStock_1611221792-1024x576.jpeg 1024w, https:\/\/sprzatneto.pl.joton.dev\/wp-content\/uploads\/2025\/08\/AdobeStock_1611221792-768x432.jpeg 768w, https:\/\/sprzatneto.pl.joton.dev\/wp-content\/uploads\/2025\/08\/AdobeStock_1611221792-1536x864.jpeg 1536w, https:\/\/sprzatneto.pl.joton.dev\/wp-content\/uploads\/2025\/08\/AdobeStock_1611221792-2048x1152.jpeg 2048w, https:\/\/sprzatneto.pl.joton.dev\/wp-content\/uploads\/2025\/08\/AdobeStock_1611221792-858x483.jpeg 858w, https:\/\/sprzatneto.pl.joton.dev\/wp-content\/uploads\/2025\/08\/AdobeStock_1611221792-600x338.jpeg 600w\" sizes=\"(max-width: 2560px) 100vw, 2560px\" \/>                                <\/a>\n                                                        <h4 class=\"service-box-title\">PO BUDOWIE I REMONCIE<\/h4>\n                            <div class=\"service-box-text\"><\/div>\n                                                            <a href=\"https:\/\/sprzatneto.pl.joton.dev\/index.php\/cleaning_services\/after-renovation\/\"   class=\"service-box-more\">\n                                    Dowiedz si\u0119 wi\u0119cej<i class=\"icon-play\"><\/i>\n                                <\/a>\n                                                    <\/div>\n                                <\/div>\n        <\/div>\n    <\/div>\n\t\t\t\t<\/div>\n\t\t\t\t<\/div>\n\t\t\t\t<div class=\"elementor-element elementor-element-5c53928 elementor-widget elementor-widget-additional_service\" data-id=\"5c53928\" data-element_type=\"widget\" data-widget_type=\"additional_service.default\">\n\t\t\t\t<div class=\"elementor-widget-container\">\n\t\t\t\t\t \n\t\t<div class=\"block fullwidth-bg inset-lg-1 bg-cover bg-mobile-right\">\n\t\t\t<div class=\"container\">\n\t\t\t\t<h2 class=\"text-center h-lg h-decor\">Dodatkowe Us\u0142ugi<\/h2>\n\t\t\t\t<div class=\"row services-list-row\">\n\t\t\t\t\t\t\t\t\t\t\t<div class=\"col-xs-6 col-sm-3\">\n\t\t\t\t\t\t\t<ul class=\"marker-list\">\n\t\t\t\t\t\t\t\t\t<li>Mycie sprz\u0119t\u00f3w AGD<\/li>\n\t\t\t\t\t\t\t<\/ul>\n\t\t\t\t\t\t<\/div>\n\t\t\t\t\t\t\t\t\t\t\t\t\t\t\t\t\t\t\t<div class=\"col-xs-6 col-sm-3\">\n\t\t\t\t\t\t\t<ul class=\"marker-list\">\n\t\t\t\t\t\t\t\t\t\n<li>Mycie okien<\/li>\n\t\t\t\t\t\t\t<\/ul>\n\t\t\t\t\t\t<\/div>\n\t\t\t\t\t\t\t\t\t\t\t\t\t<div class=\"clearfix visible-xs\"><\/div> \n\t\t\t\t\t\t\t\t\t\t\t\t\t\t\t\t\t\t\t\t\t\t\t\t\t<div class=\"col-xs-6 col-sm-3 collapse-col collapsed\">\n\t\t\t\t\t\t<ul class=\"marker-list\">\n\t\t\t\t\t\t\t<li>Prasowanie<\/li>\n\t\t\t\t\t\t<\/ul>\n\t\t\t\t\t<\/div>\n\t\t\t\t\t\t\t\t\t\t\t\t\t\t\t\t\t\t<div class=\"col-xs-6 col-sm-3 collapse-col collapsed\">\n\t\t\t\t\t\t<ul class=\"marker-list\">\n\t\t\t\t\t\t\t<li>Wyprowadzenie psa<\/li>\t\t\t\t\t\t<\/ul>\n\t\t\t\t\t<\/div>\n\t\t\t\t\t\t\t\t\t\t\t<\/div>\n\t\t\t\t<div class=\"text-center visible-xs\">\n\t\t\t\t\t<div class=\"divider\"><\/div>\n\t\t\t\t\t\t\t\t\t\t<a href=\"#\"   class=\"all-view\" data-show-xs=\"collapse-col\"><span><\/span><\/a>\n\t\t\t\t\t\t\t\t\t<\/div>\n\t\t\t<\/div>\n\t\t<\/div>\n\t\t\t\t\t\t<\/div>\n\t\t\t\t<\/div>\n\t\t\t\t\t<\/div>\n\t\t<\/div>\n\t\t\t\t\t<\/div>\n\t\t<\/section>\n\t\t\t\t<section class=\"elementor-section elementor-top-section elementor-element elementor-element-1387e35 elementor-section-full_width elementor-section-height-default elementor-section-height-default\" data-id=\"1387e35\" data-element_type=\"section\">\n\t\t\t\t\t\t<div class=\"elementor-container elementor-column-gap-no\">\n\t\t\t\t\t<div class=\"elementor-column elementor-col-100 elementor-top-column elementor-element elementor-element-0c02a41\" data-id=\"0c02a41\" data-element_type=\"column\">\n\t\t\t<div class=\"elementor-widget-wrap\">\n\t\t\t\t\t\t\t<\/div>\n\t\t<\/div>\n\t\t\t\t\t<\/div>\n\t\t<\/section>\n\t\t\t\t<section class=\"elementor-section elementor-top-section elementor-element elementor-element-9f91313 elementor-section-full_width elementor-section-height-default elementor-section-height-default\" data-id=\"9f91313\" data-element_type=\"section\">\n\t\t\t\t\t\t<div class=\"elementor-container elementor-column-gap-no\">\n\t\t\t\t\t<div class=\"elementor-column elementor-col-100 elementor-top-column elementor-element elementor-element-815e88d\" data-id=\"815e88d\" data-element_type=\"column\">\n\t\t\t<div class=\"elementor-widget-wrap elementor-element-populated\">\n\t\t\t\t\t\t<div class=\"elementor-element elementor-element-8743e73 elementor-widget elementor-widget-cleaning_discount_box\" data-id=\"8743e73\" data-element_type=\"widget\" data-widget_type=\"cleaning_discount_box.default\">\n\t\t\t\t<div class=\"elementor-widget-container\">\n\t\t\t\t\t \n        <div class=\"block\">\n            <div class=\"container\">\n                \t\t\t\t<h2 class=\"text-center h-lg h-decor\">\n\t\t\t\t\tZni\u017cki dla sta\u0142ych klient\u00f3w\t\t\t\t<\/h2>\n\t\t\t                                    <p class=\"text-center\">Szukasz regularnego sprz\u0105tania? Oferujemy ogromne oszcz\u0119dno\u015bci dla lojalnych klient\u00f3w<be> (stosowane od drugiego sprz\u0105tania).\n<\/p>\n                               <div class=\"discount-box-row\">\n                                            <div class=\"discount-box discount-box--color1\">\n                            <div class=\"discount-box-sale\">15% OFF<\/div>\n                            <div>co tydzie\u0144<\/div>\n                        <\/div>\n                                                <div class=\"discount-box discount-box--color2\">\n                            <div class=\"discount-box-sale\">10% OFF<\/div>\n                            <div>co dwa tygodnie<\/div>\n                        <\/div>\n                                                <div class=\"discount-box discount-box--color3\">\n                            <div class=\"discount-box-sale\">5% OFF<\/div>\n                            <div>raz w miesi\u0105cu<\/div>\n                        <\/div>\n                                        <\/div>\n            <\/div>\n        <\/div>\n\t\t\t\t<\/div>\n\t\t\t\t<\/div>\n\t\t\t\t\t<\/div>\n\t\t<\/div>\n\t\t\t\t\t<\/div>\n\t\t<\/section>\n\t\t\t\t<\/div>\n\t\t","protected":false},"excerpt":{"rendered":"<p>Nasze Us\u0142ugi Niezawodne rozwi\u0105zania czyszcz\u0105ce dla przestrzeni komercyjnych i mieszkalnych. DOMY I MIESZKANIA Dowiedz si\u0119 wi\u0119cej HOME STAGING Dowiedz si\u0119 wi\u0119cej APARTAMENTY Dowiedz si\u0119 wi\u0119cej BIURA I LOKALE Dowiedz si\u0119 wi\u0119cej DECLUTTERING Dowiedz si\u0119 wi\u0119cej PRZEPROWADZKI Dowiedz si\u0119 wi\u0119cej BENEFITY PRACOWNICZE Dowiedz si\u0119 wi\u0119cej PO BUDOWIE I REMONCIE Dowiedz si\u0119 wi\u0119cej Dodatkowe Us\u0142ugi Mycie sprz\u0119t\u00f3w [&hellip;]<\/p>\n","protected":false},"author":1,"featured_media":0,"parent":0,"menu_order":0,"comment_status":"closed","ping_status":"closed","template":"elementor_header_footer","meta":{"footnotes":""},"class_list":["post-344","page","type-page","status-publish","hentry"],"_links":{"self":[{"href":"https:\/\/sprzatneto.pl.joton.dev\/index.php\/wp-json\/wp\/v2\/pages\/344","targetHints":{"allow":["GET"]}}],"collection":[{"href":"https:\/\/sprzatneto.pl.joton.dev\/index.php\/wp-json\/wp\/v2\/pages"}],"about":[{"href":"https:\/\/sprzatneto.pl.joton.dev\/index.php\/wp-json\/wp\/v2\/types\/page"}],"author":[{"embeddable":true,"href":"https:\/\/sprzatneto.pl.joton.dev\/index.php\/wp-json\/wp\/v2\/users\/1"}],"replies":[{"embeddable":true,"href":"https:\/\/sprzatneto.pl.joton.dev\/index.php\/wp-json\/wp\/v2\/comments?post=344"}],"version-history":[{"count":109,"href":"https:\/\/sprzatneto.pl.joton.dev\/index.php\/wp-json\/wp\/v2\/pages\/344\/revisions"}],"predecessor-version":[{"id":2169,"href":"https:\/\/sprzatneto.pl.joton.dev\/index.php\/wp-json\/wp\/v2\/pages\/344\/revisions\/2169"}],"wp:attachment":[{"href":"https:\/\/sprzatneto.pl.joton.dev\/index.php\/wp-json\/wp\/v2\/media?parent=344"}],"curies":[{"name":"wp","href":"https:\/\/api.w.org\/{rel}","templated":true}]}}