{"id":30,"date":"2021-08-05T03:36:48","date_gmt":"2021-08-05T03:36:48","guid":{"rendered":"https:\/\/smartdata.tonytemplates.com\/cleaning-service-v3\/?page_id=30"},"modified":"2025-08-06T14:06:41","modified_gmt":"2025-08-06T14:06:41","slug":"about-us","status":"publish","type":"page","link":"https:\/\/sprzatneto.pl.joton.dev\/index.php\/about-us\/","title":{"rendered":"O nas"},"content":{"rendered":"\t\t<div data-elementor-type=\"wp-page\" data-elementor-id=\"30\" class=\"elementor elementor-30\">\n\t\t\t\t\t\t<section class=\"elementor-section elementor-top-section elementor-element elementor-element-dd8232f elementor-section-full_width elementor-section-height-default elementor-section-height-default\" data-id=\"dd8232f\" data-element_type=\"section\">\n\t\t\t\t\t\t<div class=\"elementor-container elementor-column-gap-no\">\n\t\t\t\t\t<div class=\"elementor-column elementor-col-100 elementor-top-column elementor-element elementor-element-2ca0c65\" data-id=\"2ca0c65\" data-element_type=\"column\">\n\t\t\t<div class=\"elementor-widget-wrap\">\n\t\t\t\t\t\t\t<\/div>\n\t\t<\/div>\n\t\t\t\t\t<\/div>\n\t\t<\/section>\n\t\t\t\t<section class=\"elementor-section elementor-top-section elementor-element elementor-element-401a522 elementor-section-full_width elementor-section-height-default elementor-section-height-default\" data-id=\"401a522\" data-element_type=\"section\">\n\t\t\t\t\t\t<div class=\"elementor-container elementor-column-gap-no\">\n\t\t\t\t\t<div class=\"elementor-column elementor-col-100 elementor-top-column elementor-element elementor-element-d141854\" data-id=\"d141854\" data-element_type=\"column\">\n\t\t\t<div class=\"elementor-widget-wrap\">\n\t\t\t\t\t\t\t<\/div>\n\t\t<\/div>\n\t\t\t\t\t<\/div>\n\t\t<\/section>\n\t\t\t\t<section class=\"elementor-section elementor-top-section elementor-element elementor-element-a82bae2 elementor-section-full_width elementor-section-height-default elementor-section-height-default\" data-id=\"a82bae2\" data-element_type=\"section\">\n\t\t\t\t\t\t<div class=\"elementor-container elementor-column-gap-no\">\n\t\t\t\t\t<div class=\"elementor-column elementor-col-100 elementor-top-column elementor-element elementor-element-c0a0b5c\" data-id=\"c0a0b5c\" data-element_type=\"column\">\n\t\t\t<div class=\"elementor-widget-wrap elementor-element-populated\">\n\t\t\t\t\t\t<div class=\"elementor-element elementor-element-635e692 elementor-widget elementor-widget-cleaning_about_company\" data-id=\"635e692\" data-element_type=\"widget\" data-widget_type=\"cleaning_about_company.default\">\n\t\t\t\t<div class=\"elementor-widget-container\">\n\t\t\t\t\t        <div class=\"block fullwidth no-pad cleaning-about-company\">\n            <div class=\"container\">\n                \t\t\t\t<h2 class=\"text-center h-decor\">\n\t\t\t\t\tPOZNAJ NAS\t\t\t\t<\/h2>\n\t\t\t                                 <div class=\"divider\"><\/div>\n                <div class=\"row-flex-text\">\n                    <div class=\"col-50 bg-cover hide-bg-sm\" data-bg=\"https:\/\/sprzatneto.pl.joton.dev\/wp-content\/uploads\/2025\/08\/AdobeStock_423356244-1-scaled.jpeg\" style=\"background-image: url(https:\/\/sprzatneto.pl.joton.dev\/wp-content\/uploads\/2025\/08\/AdobeStock_423356244-1-scaled.jpeg);\">\n                        <div class=\"visible-sm visible-xs\"><img decoding=\"async\" src=\"https:\/\/sprzatneto.pl.joton.dev\/wp-content\/uploads\/2025\/08\/AdobeStock_423356244-1-scaled.jpeg\" class=\"img-fullwidth\" loading=\"lazy\" alt=\"About Us\"><\/div>\n                    <\/div>\n                    <div class=\"col-50 bg-text\">\n                        <div class=\"bg-text-inside\">\n                            <h4><\/h4>\n                            <p>Jeste\u015bmy now\u0105, dynamicznie rozwijaj\u0105c\u0105 si\u0119 firm\u0105 sprz\u0105taj\u0105c\u0105, kt\u00f3ra powsta\u0142a z pasji do czysto\u015bci i troski o \u015brodowisko. Cho\u0107 dopiero zaczynamy nasz\u0105 dzia\u0142alno\u015b\u0107, mamy jasno wyznaczon\u0105 misj\u0119: oferowa\u0107 us\u0142ugi sprz\u0105taj\u0105ce na najwy\u017cszym poziomie, z poszanowaniem natury i najnowszych standard\u00f3w bran\u017cy.<p>\nKorzystamy wy\u0142\u0105cznie z ekologicznych \u015brodk\u00f3w czysto\u015bci, bezpiecznych dla ludzi, zwierz\u0105t i planety. Inwestujemy w nowoczesny sprz\u0119t, kt\u00f3ry nie tylko zwi\u0119ksza efektywno\u015b\u0107 pracy, ale tak\u017ce pozwala zadba\u0107 o ka\u017cdy detal.<p> \n\n\u015aledzimy aktualne trendy i innowacje w bran\u017cy, aby nieustannie si\u0119 rozwija\u0107 i zapewnia\u0107 naszym klientom nowoczesne, skuteczne i przyjazne rozwi\u0105zania.<\/p> Z nami czysto\u015b\u0107 ma przysz\u0142o\u015b\u0107!<\/p>                        <\/div>\n                    <\/div>\n                <\/div>\n            <\/div>\n        <\/div>\n\t\t\t\t<\/div>\n\t\t\t\t<\/div>\n\t\t\t\t\t<\/div>\n\t\t<\/div>\n\t\t\t\t\t<\/div>\n\t\t<\/section>\n\t\t\t\t<section class=\"elementor-section elementor-top-section elementor-element elementor-element-f10e5c6 elementor-section-full_width elementor-section-height-default elementor-section-height-default\" data-id=\"f10e5c6\" data-element_type=\"section\">\n\t\t\t\t\t\t<div class=\"elementor-container elementor-column-gap-no\">\n\t\t\t\t\t<div class=\"elementor-column elementor-col-100 elementor-top-column elementor-element elementor-element-3a49e7a\" data-id=\"3a49e7a\" data-element_type=\"column\">\n\t\t\t<div class=\"elementor-widget-wrap elementor-element-populated\">\n\t\t\t\t\t\t<div class=\"elementor-element elementor-element-7f5de81 elementor-widget elementor-widget-satisfaction_guaranteed\" data-id=\"7f5de81\" data-element_type=\"widget\" data-widget_type=\"satisfaction_guaranteed.default\">\n\t\t\t\t<div class=\"elementor-widget-container\">\n\t\t\t\t\t    <div class=\"block\">\n        <div class=\"container\">\n            <div class=\"row row-flex flex-column-sm align-center\">\n                <div class=\"col-sm-6\">\n                    \t\t\t\t<h2 class=\"heading\">\n\t\t\t\t\tSatysfakcja Gwarantowana!\t\t\t\t<\/h2>\n\t\t\t<p class=\"p-lg\"><\/p>\n\nJe\u015bli nie jeste\u015b zadowolony z jakiegokolwiek obszaru, kt\u00f3ry posprz\u0105tali\u015bmy, po prostu zadzwo\u0144 w ci\u0105gu 24 godzin, a my wr\u00f3cimy i posprz\u0105tamy go ponownie bezp\u0142atnie. Dzi\u0119ki temu zatrudnienie nas jest praktycznie bez ryzyka.                     <div class=\"divider\"><\/div>\n                                        <a href=\"https:\/\/smartdata.tonytemplates.com\/cleaning-service-v3\/order-form\/\"   class=\"btn animation animated tada\" data-animation=\"tada\">Darmowa Wycena<\/a>\n                                <\/div>\n                <div class=\"col-sm-6\">\n                    <div class=\"img-with-shtamp\">\n                        <div class=\"shtamp\">\n                            <img decoding=\"async\" width=\"153\" height=\"153\" src=\"https:\/\/sprzatneto.pl.joton.dev\/wp-content\/uploads\/2021\/08\/shtamp.png\" class=\"attachment-full size-full\" alt=\"\" srcset=\"https:\/\/sprzatneto.pl.joton.dev\/wp-content\/uploads\/2021\/08\/shtamp.png 153w, https:\/\/sprzatneto.pl.joton.dev\/wp-content\/uploads\/2021\/08\/shtamp-100x100.png 100w, https:\/\/sprzatneto.pl.joton.dev\/wp-content\/uploads\/2021\/08\/shtamp-150x150.png 150w\" sizes=\"(max-width: 153px) 100vw, 153px\" \/>                        <\/div>\n                        <img decoding=\"async\" src=\"https:\/\/sprzatneto.pl.joton.dev\/wp-content\/uploads\/2021\/08\/about-page-img-3.jpg\" class=\"img-responsive\" alt=\"\" loading=\"lazy\">\n                    <\/div>\n                <\/div>\n            <\/div>\n        <\/div>\n    <\/div>\n\t\t\t\t<\/div>\n\t\t\t\t<\/div>\n\t\t\t\t<div class=\"elementor-element elementor-element-8d09908 elementor-widget elementor-widget-icon_carousel_box\" data-id=\"8d09908\" data-element_type=\"widget\" data-widget_type=\"icon_carousel_box.default\">\n\t\t\t\t<div class=\"elementor-widget-container\">\n\t\t\t\t\t        <div class=\"block\">\n            <div class=\"container\">\n                \t\t\t\t<h1 class=\"text-center h-lg h-decor\">\n\t\t\t\t\tDlaczego My?\t\t\t\t<\/h1>\n\t\t\t                                <div class=\"text-center max-800\">\n                    <p class=\"p-lg\"><\/p>\n                <\/div>\n                                <div class=\"row text-icon-row style-2 \">\n                      \n                        <div class=\"col-md-4 col-sm-6 col-xs-12 text-icon\">\n                            <div class=\"text-icon-icon\">\n                                <i aria-hidden=\"true\" class=\"icon  icon-like-lined\"><\/i>                            <\/div>\n                            <h4 class=\"text-icon-title\">Ekologiczne podej\u015bcie<\/h4><div class=\"text-icon-text\">Dbamy o \u015brodowisko \u2013 u\u017cywamy wy\u0142\u0105cznie sprawdzonych, biodegradowalnych \u015brodk\u00f3w czysto\u015bci.<\/div>\n                        <\/div> \n                          \n                        <div class=\"col-md-4 col-sm-6 col-xs-12 text-icon\">\n                            <div class=\"text-icon-icon\">\n                                <i aria-hidden=\"true\" class=\"icon  icon-user-lined\"><\/i>                            <\/div>\n                            <h4 class=\"text-icon-title\">Odpowiednie Ubezpieczenie<\/h4><div class=\"text-icon-text\">Jeste\u015bmy przygotowani na wszelkie okoliczno\u015bci, wi\u0119c z nami mo\u017cesz by\u0107 spokojny.<\/div>\n                        <\/div> \n                          \n                        <div class=\"col-md-4 col-sm-6 col-xs-12 text-icon\">\n                            <div class=\"text-icon-icon\">\n                                <i aria-hidden=\"true\" class=\"icon  icon-users-lined\"><\/i>                            <\/div>\n                            <h4 class=\"text-icon-title\">Odpowiedni Zesp\u00f3\u0142<\/h4><div class=\"text-icon-text\">Nasz zesp\u00f3\u0142 to pasjonaci porz\u0105dku, kt\u00f3rzy wiedz\u0105, jak zadba\u0107 o ka\u017cdy szczeg\u00f3\u0142. Jako\u015b\u0107 i zaufanie to dla nas podstawa.<\/div>\n                        <\/div> \n                          \n                        <div class=\"col-md-4 col-sm-6 col-xs-12 text-icon\">\n                            <div class=\"text-icon-icon\">\n                                <i aria-hidden=\"true\" class=\"icon  icon-map-lined\"><\/i>                            <\/div>\n                            <h4 class=\"text-icon-title\">Us\u0142ugi sprz\u0105tania w lokalnej firmie<\/h4><div class=\"text-icon-text\">Powiniene\u015b m\u00f3c cieszy\u0107 si\u0119 spokojem ducha wiedz\u0105c, \u017ce Tw\u00f3j dom jest w dobrych r\u0119kach, jednocze\u015bnie skupiaj\u0105c si\u0119 na rzeczach, kt\u00f3re s\u0105 dla Ciebie wa\u017cne.<\/div>\n                        <\/div> \n                          \n                        <div class=\"col-md-4 col-sm-6 col-xs-12 text-icon\">\n                            <div class=\"text-icon-icon\">\n                                <i aria-hidden=\"true\" class=\"icon  icon-reward-lined\"><\/i>                            <\/div>\n                            <h4 class=\"text-icon-title\">Indywidualne podej\u015bcie<\/h4><div class=\"text-icon-text\">Rozumiemy, \u017ce ka\u017cdy klient ma inne potrzeby. Dopasowujemy zakres i harmonogram us\u0142ug do Twoich oczekiwa\u0144.<\/div>\n                        <\/div> \n                          \n                        <div class=\"col-md-4 col-sm-6 col-xs-12 text-icon\">\n                            <div class=\"text-icon-icon\">\n                                <i aria-hidden=\"true\" class=\"icon  icon-like-lined\"><\/i>                            <\/div>\n                            <h4 class=\"text-icon-title\">\u015awie\u017ce spojrzenie na czysto\u015b\u0107<\/h4><div class=\"text-icon-text\">Jeste\u015bmy now\u0105 firm\u0105, kt\u00f3ra patrzy na sprz\u0105tanie w nowoczesny spos\u00f3b. Elastyczno\u015b\u0107, przejrzysta komunikacja i dba\u0142o\u015b\u0107 o detale to nasze wyr\u00f3\u017cniki.<\/div>\n                        <\/div> \n                                        <\/div>\n            <\/div>\n        <\/div>\n\t\t\t\t<\/div>\n\t\t\t\t<\/div>\n\t\t\t\t\t<\/div>\n\t\t<\/div>\n\t\t\t\t\t<\/div>\n\t\t<\/section>\n\t\t\t\t<\/div>\n\t\t","protected":false},"excerpt":{"rendered":"<p>POZNAJ NAS Jeste\u015bmy now\u0105, dynamicznie rozwijaj\u0105c\u0105 si\u0119 firm\u0105 sprz\u0105taj\u0105c\u0105, kt\u00f3ra powsta\u0142a z pasji do czysto\u015bci i troski o \u015brodowisko. Cho\u0107 dopiero zaczynamy nasz\u0105 dzia\u0142alno\u015b\u0107, mamy jasno wyznaczon\u0105 misj\u0119: oferowa\u0107 us\u0142ugi sprz\u0105taj\u0105ce na najwy\u017cszym poziomie, z poszanowaniem natury i najnowszych standard\u00f3w bran\u017cy. Korzystamy wy\u0142\u0105cznie z ekologicznych \u015brodk\u00f3w czysto\u015bci, bezpiecznych dla ludzi, zwierz\u0105t i planety. Inwestujemy w [&hellip;]<\/p>\n","protected":false},"author":1,"featured_media":0,"parent":0,"menu_order":0,"comment_status":"closed","ping_status":"closed","template":"elementor_header_footer","meta":{"footnotes":""},"class_list":["post-30","page","type-page","status-publish","hentry"],"_links":{"self":[{"href":"https:\/\/sprzatneto.pl.joton.dev\/index.php\/wp-json\/wp\/v2\/pages\/30","targetHints":{"allow":["GET"]}}],"collection":[{"href":"https:\/\/sprzatneto.pl.joton.dev\/index.php\/wp-json\/wp\/v2\/pages"}],"about":[{"href":"https:\/\/sprzatneto.pl.joton.dev\/index.php\/wp-json\/wp\/v2\/types\/page"}],"author":[{"embeddable":true,"href":"https:\/\/sprzatneto.pl.joton.dev\/index.php\/wp-json\/wp\/v2\/users\/1"}],"replies":[{"embeddable":true,"href":"https:\/\/sprzatneto.pl.joton.dev\/index.php\/wp-json\/wp\/v2\/comments?post=30"}],"version-history":[{"count":37,"href":"https:\/\/sprzatneto.pl.joton.dev\/index.php\/wp-json\/wp\/v2\/pages\/30\/revisions"}],"predecessor-version":[{"id":2143,"href":"https:\/\/sprzatneto.pl.joton.dev\/index.php\/wp-json\/wp\/v2\/pages\/30\/revisions\/2143"}],"wp:attachment":[{"href":"https:\/\/sprzatneto.pl.joton.dev\/index.php\/wp-json\/wp\/v2\/media?parent=30"}],"curies":[{"name":"wp","href":"https:\/\/api.w.org\/{rel}","templated":true}]}}