{"id":1442,"date":"2021-08-04T06:42:10","date_gmt":"2021-08-04T06:42:10","guid":{"rendered":"https:\/\/smartdata.tonytemplates.com\/cleaning-service-v3\/?page_id=8"},"modified":"2025-08-06T14:10:45","modified_gmt":"2025-08-06T14:10:45","slug":"home-page","status":"publish","type":"page","link":"https:\/\/sprzatneto.pl.joton.dev\/","title":{"rendered":"Home"},"content":{"rendered":"\t\t<div data-elementor-type=\"wp-page\" data-elementor-id=\"1442\" class=\"elementor elementor-1442\">\n\t\t\t\t\t\t<section class=\"elementor-section elementor-top-section elementor-element elementor-element-613bfd9 elementor-section-full_width elementor-section-height-default elementor-section-height-default\" data-id=\"613bfd9\" data-element_type=\"section\">\n\t\t\t\t\t\t<div class=\"elementor-container elementor-column-gap-no\">\n\t\t\t\t\t<div class=\"elementor-column elementor-col-100 elementor-top-column elementor-element elementor-element-0596de6\" data-id=\"0596de6\" data-element_type=\"column\">\n\t\t\t<div class=\"elementor-widget-wrap elementor-element-populated\">\n\t\t\t\t\t\t<div class=\"elementor-element elementor-element-db3c617 elementor-widget elementor-widget-cleaning_banner_slider\" data-id=\"db3c617\" data-element_type=\"widget\" data-widget_type=\"cleaning_banner_slider.default\">\n\t\t\t\t<div class=\"elementor-widget-container\">\n\t\t\t\t\t    <div class=\"block\">\n        <div id=\"mainSliderWrapper\" class=\"mainslider mainslider-2\" data-slickslider='{\"autoplay\":true,\"autoplay_speed\":\"2500\",\"arrows\":false,\"dots\":true,\"fade\":true,\"pause_on_hover\":true,\"pause_on_dots_hover\":true}'>\n            <div class=\"loading-content\">\n                <div class=\"loading-dots dark-gray\">\n                    <i><\/i>\n                    <i><\/i>\n                    <i><\/i>\n                    <i><\/i>\n                <\/div>\n            <\/div>\n            <div id=\"mainSlider\">\n                                        <div class=\"slide\">\n                            <div class=\"img--holder\" style=\"background-image: url(https:\/\/sprzatneto.pl.joton.dev\/wp-content\/uploads\/2025\/08\/slide-3.jpg);\"><\/div>\n                            <div class=\"slide-content center\">\n                                <div class=\"vert-wrap container\">\n                                    <div class=\"vert\">\n                                        <div class=\"container\">\n                                                                                        <h4 class=\"\" data-animation=\"fadeInDown\"><\/h4>\n\t\t\t\t\t\t\t\t\t\t\t<h2 data-animation=\"zoomIn\" data-animation-delay=\"0.5s\" class=\"\">Czysto. Ekologicznie. <\/h2>\n                                            <h3 data-animation=\"zoomIn\" data-animation-delay=\"0.5s\" class=\"\">Profesjonalnie!<\/h3>\t\n                                                                                            <a href=\"https:\/\/sprzatneto.pl.joton.dev\/index.php\/contact-us\/\"   class=\"btn\" data-animation=\"fadeInUp\" data-animation-delay=\"0.5s\">\n                                                    Darmowa Wycena                                                <\/a>\n                                                                                    <\/div>\n                                    <\/div>\n                                <\/div>\n                            <\/div>\n                        <\/div>\n                                <\/div>\n        <\/div>\n    <\/div>\n\t\t\t\t<\/div>\n\t\t\t\t<\/div>\n\t\t\t\t<div class=\"elementor-element elementor-element-dacf060 elementor-widget elementor-widget-cleaning_service_slider\" data-id=\"dacf060\" data-element_type=\"widget\" data-widget_type=\"cleaning_service_slider.default\">\n\t\t\t\t<div class=\"elementor-widget-container\">\n\t\t\t\t\t\t\t<div class=\"block\">\n\t\t\t<div class=\"container\">\n\t\t\t\t\t\t\t\t<h1 class=\"text-center h-lg h-decor\">\n\t\t\t\t\tNASZE US\u0141UGI\t\t\t\t<\/h1>\n\t\t\t\t\t\t\t\t<div class=\"text-center max-750\">\n\t\t\t\t\t<p class=\"p-lg\">\n\t\t\t\t\tProfesjonalne us\u0142ugi sprz\u0105taj\u0105ce dla firm i klient\u00f3w indywidualnych. <p><a class=\"btn animation animated tada\" href=\"https:\/\/sprzatneto.pl.joton.dev\/index.php\/our-services\/\">Wi\u0119cej  informacji znajdziesz tutaj<\/a><\/p>  \t\t\t\t\t<\/p>\n\t\t\t\t<\/div>\n\t\t\t\t\t\t\t\t\t\t\t\t<div class=\"row services-carousel arrows-center\" data-service='{\"slidesToShow\":3,\"slidesToScroll\":1,\"infinite\":true,\"autoplay\":true,\"autoplaySpeed\":\"2500\",\"dots\":false,\"arrows\":true}'>\t\n\t\t\t\t\t\t\t\t\t\t\t\t\t<div class=\"col-sm-2 col-lg-4\">\n\t\t\t\t\t\t<div class=\"service-card\">\n\t\t\t\t\t\t\t<div class=\"service-card-icon\">\n\t\t\t\t\t\t\t\t\t\t\t\t\t\t\t\t<i class=\"icon fas fa-laptop-house\"><\/i>\n\t\t\t\t\t\t\t\t\t\t\t\t\t\t\t\n\t\t\t\t\t\t\t<\/div>\n\t\t\t\t\t\t\t<h5 class=\"service-card-title\">DLA FIRM<\/h5>\n\t\t\t\t\t\t\t<ul class=\"service-card-list\"><li>Sprz\u0105tanie biur i lokali<\/li><li>Sprz\u0105tanie apartament\u00f3w<\/li><li>Home Staging<\/li><li>Decluttering<\/li><li>Przeprowadzki<\/li><li>Mycie okien i witryn<\/li><li>Po budowie lub remoncie<\/li><li>Benefity pracownicze<\/li><\/ul>\t\t\t\t\t\t\t\t\t\t\t\t\t<\/div>\n\t\t\t\t\t<\/div>\n\t\t\t\t\t\t\t\t\t<div class=\"col-sm-2 col-lg-4\">\n\t\t\t\t\t\t<div class=\"service-card\">\n\t\t\t\t\t\t\t<div class=\"service-card-icon\">\n\t\t\t\t\t\t\t\t\t\t\t\t\t\t\t\t<i class=\"icon fas fa-house-user\"><\/i>\n\t\t\t\t\t\t\t\t\t\t\t\t\t\t\t\n\t\t\t\t\t\t\t<\/div>\n\t\t\t\t\t\t\t<h5 class=\"service-card-title\">PRYWATNE<\/h5>\n\t\t\t\t\t\t\t<ul class=\"service-card-list\"><li>Sprz\u0105tanie dom\u00f3w i mieszka\u0144<\/li><li>Decluttering<\/li><li>Przeprowadzki<\/li><li>Mycie okien<\/li><\/ul>\t\t\t\t\t\t\t\t\t\t\t\t\t<\/div>\n\t\t\t\t\t<\/div>\n\t\t\t\t\t\t\t\t\t<div class=\"col-sm-2 col-lg-4\">\n\t\t\t\t\t\t<div class=\"service-card\">\n\t\t\t\t\t\t\t<div class=\"service-card-icon\">\n\t\t\t\t\t\t\t\t\t\t\t\t\t\t\t\t<i class=\"icon fas fa-hand-sparkles\"><\/i>\n\t\t\t\t\t\t\t\t\t\t\t\t\t\t\t\n\t\t\t\t\t\t\t<\/div>\n\t\t\t\t\t\t\t<h5 class=\"service-card-title\">DECLUTTERING<\/h5>\n\t\t\t\t\t\t\t<ul class=\"service-card-list\"><li>Pomo\u017cemy Ci pozby\u0107 si\u0119 niepotrzebnych rzeczy i oczy\u015bci\u0107 Twoj\u0105 przestrze\u0144, aby\u015b poczu\u0142 lekko\u015b\u0107 i spok\u00f3j\u00a0<\/li><\/ul>\t\t\t\t\t\t\t\t\t\t\t\t\t<\/div>\n\t\t\t\t\t<\/div>\n\t\t\t\t\t\t\t\t\t<div class=\"col-sm-2 col-lg-4\">\n\t\t\t\t\t\t<div class=\"service-card\">\n\t\t\t\t\t\t\t<div class=\"service-card-icon\">\n\t\t\t\t\t\t\t\t\t\t\t\t\t\t\t\t<i class=\"icon fas fa-box-open\"><\/i>\n\t\t\t\t\t\t\t\t\t\t\t\t\t\t\t\n\t\t\t\t\t\t\t<\/div>\n\t\t\t\t\t\t\t<h5 class=\"service-card-title\">PRZEPROWADZKI<\/h5>\n\t\t\t\t\t\t\t<ul class=\"service-card-list\"><li>Pomo\u017cemy Ci spakowa\u0107\/rozpakowa\u0107 Twoje rzeczy podczas przeprowadzki<\/li><li>Zorganizujemy Twoj\u0105 przestrze\u0144 w spos\u00f3b funkcjonalny, jak i estetyczny<\/li><\/ul>\t\t\t\t\t\t\t\t\t\t\t\t\t<\/div>\n\t\t\t\t\t<\/div>\n\t\t\t\t\t\t\t\t<\/div>\n\t\t\t<\/div>\n\t\t<\/div>\n\n\t\t\t\t\t\t<\/div>\n\t\t\t\t<\/div>\n\t\t\t\t\t<\/div>\n\t\t<\/div>\n\t\t\t\t\t<\/div>\n\t\t<\/section>\n\t\t\t\t<section class=\"elementor-section elementor-top-section elementor-element elementor-element-546736f elementor-section-full_width elementor-section-height-default elementor-section-height-default\" data-id=\"546736f\" data-element_type=\"section\">\n\t\t\t\t\t\t<div class=\"elementor-container elementor-column-gap-no\">\n\t\t\t\t\t<div class=\"elementor-column elementor-col-100 elementor-top-column elementor-element elementor-element-bfa5783\" data-id=\"bfa5783\" data-element_type=\"column\">\n\t\t\t<div class=\"elementor-widget-wrap\">\n\t\t\t\t\t\t\t<\/div>\n\t\t<\/div>\n\t\t\t\t\t<\/div>\n\t\t<\/section>\n\t\t\t\t<section class=\"elementor-section elementor-top-section elementor-element elementor-element-391f629 elementor-section-full_width elementor-section-height-default elementor-section-height-default\" data-id=\"391f629\" data-element_type=\"section\">\n\t\t\t\t\t\t<div class=\"elementor-container elementor-column-gap-no\">\n\t\t\t\t\t<div class=\"elementor-column elementor-col-100 elementor-top-column elementor-element elementor-element-c0399e6\" data-id=\"c0399e6\" data-element_type=\"column\">\n\t\t\t<div class=\"elementor-widget-wrap elementor-element-populated\">\n\t\t\t\t\t\t<div class=\"elementor-element elementor-element-220181b elementor-widget elementor-widget-cleaning-about-us-tab\" data-id=\"220181b\" data-element_type=\"widget\" data-widget_type=\"cleaning-about-us-tab.default\">\n\t\t\t\t<div class=\"elementor-widget-container\">\n\t\t\t\t\t        <div class=\"block fullwidth-bg bg-cover inset-lg-3 pb-xs-0 block-1 mb-0\">\n            <div class=\"container\">\n                <div class=\"row zindex-1\">\n                    <div class=\"col-sm-7 col-lg-8\">\n                                        <h2 class=\"h-lg\">\n                    O nas                <\/h2>\n                        <ul class=\"nav nav-tabs nav-tabs--sm\">\n                                                            <li class=\"active\"><a data-toggle=\"tab\" href=\"#about1\" aria-expanded=\"true\">Kilka s\u0142\u00f3w<\/a><\/li>\n                                                               <li class=\"\"><a data-toggle=\"tab\" href=\"#about2\" aria-expanded=\"true\">Jak zam\u00f3wi\u0107 us\u0142ug\u0119 sprz\u0105tania?<\/a><\/li>\n                           \t\n                        <\/ul>\n\n                        <div class=\"tab-content tab-content-nopad\">\n                                                        <div id=\"about1\" class=\"tab-pane fade  active in\">\n                                     \t\t<div data-elementor-type=\"page\" data-elementor-id=\"65\" class=\"elementor elementor-65\">\n\t\t\t\t\t\t<section class=\"elementor-section elementor-top-section elementor-element elementor-element-16cec8c elementor-section-boxed elementor-section-height-default elementor-section-height-default\" data-id=\"16cec8c\" data-element_type=\"section\">\n\t\t\t\t\t\t<div class=\"elementor-container elementor-column-gap-default\">\n\t\t\t\t\t<div class=\"elementor-column elementor-col-100 elementor-top-column elementor-element elementor-element-c147819\" data-id=\"c147819\" data-element_type=\"column\">\n\t\t\t<div class=\"elementor-widget-wrap elementor-element-populated\">\n\t\t\t\t\t\t<div class=\"elementor-element elementor-element-2181d9e elementor-widget elementor-widget-cleaning-about-some-words\" data-id=\"2181d9e\" data-element_type=\"widget\" data-widget_type=\"cleaning-about-some-words.default\">\n\t\t\t\t<div class=\"elementor-widget-container\">\n\t\t\t\t\t\t\t<p>Naszym celem jest tworzenie czystych i bezpiecznych przestrzeni z poszanowaniem \u015brodowiska. Z nami nie musisz wybiera\u0107 mi\u0119dzy skuteczno\u015bci\u0105 a ekologi\u0105 \u2013 oferujemy jedno i drugie. D\u0105\u017cymy do tego, by czysto\u015b\u0107 sz\u0142a w parze z odpowiedzialno\u015bci\u0105.\n\u0141\u0105czymy \u015bwie\u017ce spojrzenie, elastyczno\u015b\u0107 i indywidualne podej\u015bcie do ka\u017cdego zlecenia. Stawiamy na zaufanie, terminowo\u015b\u0107 i dba\u0142o\u015b\u0107 o ka\u017cdy detal. Jeste\u015bmy gotowi, by sta\u0107 si\u0119 Twoim niezawodnym partnerem w dbaniu o czysto\u015b\u0107 \u2013 w domu, biurze i wsz\u0119dzie tam, gdzie jej potrzebujesz.<\/p>\n\t\t<div class=\"divider-sm\"><\/div>\n\t\t\t\t\t<h4 class=\"h-lg\">\n\t\t\t\tOferujemy\t\t\t<\/h4>\n\t\t\t\t\t\t<div class=\"row\">\n\t\t\t\t\t\t\t\t<div class=\"col-lg-6\">\n\t\t\t\t\t\t<ul class=\"marker-list\">\n\t\t\t\t\t\t\t\t\t\t\t\t<li>Zni\u017cki dla sta\u0142ych klient\u00f3w<\/li>\n\t\t\t\t\t\t\t\t\t\t\t\t<li>Dba\u0142o\u015b\u0107 o szczeg\u00f3\u0142y<\/li>\n\t\t\t\t\t\t\t\t\t\t\t\t<li>Bezp\u0142atna wycena<\/li>\n\t\t\t\t\t\t\t\t\t\t\t\t<\/ul>\n\t\t\t\t\t<\/div>\n\t\t\t\t\t\t\t\t\t\t\t\t<div class=\"col-lg-6\">\n\t\t\t\t\t\t<ul class=\"marker-list\">\n\t\t\t\t\t\t\t\t\t\t\t\t<li>Ekologiczne \u015brodki czysto\u015bci<\/li>\n\t\t\t\t\t\t\t\t\t\t\t\t<li>Nowoczesny sprz\u0119t<\/li>\n\t\t\t\t\t\t\t\t\t\t\t\t<li>Sprawdzony personel<\/li>\n\t\t\t\t\t\t\t\t\t\t\t\t<\/ul>\n\t\t\t\t\t<\/div>\n\t\t\t\t\t\t\t\t<\/div>\n\t\t\t\t\t\t<\/div>\n\t\t\t\t<\/div>\n\t\t\t\t\t<\/div>\n\t\t<\/div>\n\t\t\t\t\t<\/div>\n\t\t<\/section>\n\t\t\t\t<\/div>\n\t\t                                <\/div>\n                                                                <div id=\"about2\" class=\"tab-pane fade  \">\n                                     \t\t<div data-elementor-type=\"page\" data-elementor-id=\"71\" class=\"elementor elementor-71\">\n\t\t\t\t\t\t<section class=\"elementor-section elementor-top-section elementor-element elementor-element-f9b45e6 elementor-section-boxed elementor-section-height-default elementor-section-height-default\" data-id=\"f9b45e6\" data-element_type=\"section\">\n\t\t\t\t\t\t<div class=\"elementor-container elementor-column-gap-default\">\n\t\t\t\t\t<div class=\"elementor-column elementor-col-100 elementor-top-column elementor-element elementor-element-399f1f2\" data-id=\"399f1f2\" data-element_type=\"column\">\n\t\t\t<div class=\"elementor-widget-wrap elementor-element-populated\">\n\t\t\t\t\t\t<div class=\"elementor-element elementor-element-acad20d elementor-widget elementor-widget-cleaning_how_it_works\" data-id=\"acad20d\" data-element_type=\"widget\" data-widget_type=\"cleaning_how_it_works.default\">\n\t\t\t\t<div class=\"elementor-widget-container\">\n\t\t\t\t\t        <div class=\"row\">\n            <div class=\"col-lg-6\">\n                <h4>Jak zam\u00f3wi\u0107 us\u0142ug\u0119 sprz\u0105tania?<\/h4>\n                <p>TO PROSTE! \ud83d\ude42<\/p>\n                <p class=\"visible-lg\"><\/p><p><\/p>\n            <\/div>\n            <div class=\"col-lg-6\">\n                 \n                <h6><span class=\"color\"> Skontaktuj si\u0119 z nami<\/span><\/h6>\n                <p>Zadzwo\u0144, napisz lub wype\u0142nij formularz kontaktowy.<\/p> \n                     \n                <h6><span class=\"color\"> Ustalmy szczeg\u00f3\u0142y<\/span><\/h6>\n                <p>Sporz\u0105dzimy darmow\u0105 wycen\u0119 na podstawie Twoich oczekiwa\u0144. <\/p> \n                     \n                <h6><span class=\"color\"> Dogadajmy si\u0119<\/span><\/h6>\n                <p>Dopasujemy us\u0142ug\u0119 do Twojego harmonogramu.\n<\/p> \n                     \n                <h6><span class=\"color\"> My zajmiemy si\u0119 reszt\u0105<\/span><\/h6>\n                <p>A Ty ciesz si\u0119 czyto\u015bci\u0105 i  porz\u0105dkiem!<\/p> \n                                <\/div>\n        <\/div> \n    \t\t\t\t<\/div>\n\t\t\t\t<\/div>\n\t\t\t\t\t<\/div>\n\t\t<\/div>\n\t\t\t\t\t<\/div>\n\t\t<\/section>\n\t\t\t\t<\/div>\n\t\t                                <\/div>\n                                 \t\n                        <\/div>\n                    <\/div>\n                <\/div>\n                <div class=\"img-right-wrap\">\n                    <img decoding=\"async\" src=\"https:\/\/sprzatneto.pl.joton.dev\/wp-content\/uploads\/2025\/08\/AdobeStock_345269364-1.jpeg\" alt=\"left Image\" loading=\"lazy\">\n                <\/div>\n            <\/div>\n        <\/div>\n        \t\t\t\t<\/div>\n\t\t\t\t<\/div>\n\t\t\t\t\t<\/div>\n\t\t<\/div>\n\t\t\t\t\t<\/div>\n\t\t<\/section>\n\t\t\t\t<section class=\"elementor-section elementor-top-section elementor-element elementor-element-92bcf1a elementor-section-full_width elementor-section-height-default elementor-section-height-default\" data-id=\"92bcf1a\" data-element_type=\"section\">\n\t\t\t\t\t\t<div class=\"elementor-container elementor-column-gap-no\">\n\t\t\t\t\t<div class=\"elementor-column elementor-col-100 elementor-top-column elementor-element elementor-element-14d09dc\" data-id=\"14d09dc\" data-element_type=\"column\">\n\t\t\t<div class=\"elementor-widget-wrap elementor-element-populated\">\n\t\t\t\t\t\t<div class=\"elementor-element elementor-element-2fb72f5 elementor-widget elementor-widget-cleaning_service_gallery\" data-id=\"2fb72f5\" data-element_type=\"widget\" data-widget_type=\"cleaning_service_gallery.default\">\n\t\t\t\t<div class=\"elementor-widget-container\">\n\t\t\t\t\t    <div class=\"block fullwidth-bg block-bg-grey\">\n\t\t<div class=\"container\">\n            <div class=\"row service-house-row\">\n                <div class=\"col-lg-5 inset-pad\">\n                    <h2>Oferujemy <span class=\"color\">Darmow\u0105<br class=\"clearfix visible-xs\"> Wycen\u0119<\/span>,<br class=\"clearfix visible-xs\"> wi\u0119c po co czeka\u0107?<\/h2>\n\t\t\t\t\t<h5>Skontaktuj si\u0119 z nami!<\/h5>\n                    <div class=\"divider-sm\"><\/div>\n                    <div>\n<p>Na ostateczn\u0105 cen\u0119 sprz\u0105tania wp\u0142ywa wiele czynnik\u00f3w, takich jak metra\u017c, rodzaj powierzchni, stopie\u0144 zabrudzenia czy zakres prac. Opisz nam swoje potrzeby jak najdok\u0142adniej \u2013 im wi\u0119cej szczeg\u00f3\u0142\u00f3w, tym lepiej dopasujemy ofert\u0119 do Twoich porzeb.\n<\/p>\n<\/div>\n<div>\n<p>Wype\u0142nij formularz kontaktowy, a my odpowiemy tak szybko, jak to mo\u017cliwe!\n\n<\/p>\n<\/div>                    <a href=\"https:\/\/sprzatneto.pl.joton.dev\/index.php\/contact-us\/\"    class=\"btn btn-lg animation animated tada\" data-animation=\"tada\"><i class=\"icon-calc\"><\/i>Uzyskaj Wycen\u0119<\/a>\n                                    <\/div>\n                <div class=\"col-lg-7\">\n                    <div class=\"service-house-wrap\">\n                        <div class=\"service-house\">\n                             \n                                <a href=\"http:\/\/\u00a3\"    class=\"service-house-item\">\n                                <img decoding=\"async\" width=\"216\" height=\"216\" src=\"https:\/\/sprzatneto.pl.joton.dev\/wp-content\/uploads\/2021\/08\/index-service-house-1.jpg\" class=\"attachment-full size-full\" alt=\"\" srcset=\"https:\/\/sprzatneto.pl.joton.dev\/wp-content\/uploads\/2021\/08\/index-service-house-1.jpg 216w, https:\/\/sprzatneto.pl.joton.dev\/wp-content\/uploads\/2021\/08\/index-service-house-1-100x100.jpg 100w, https:\/\/sprzatneto.pl.joton.dev\/wp-content\/uploads\/2021\/08\/index-service-house-1-150x150.jpg 150w\" sizes=\"(max-width: 216px) 100vw, 216px\" \/>                                                                    <\/a>\n                             \n                                <a href=\"http:\/\/\u00a3\"    class=\"service-house-item\">\n                                <img decoding=\"async\" width=\"216\" height=\"216\" src=\"https:\/\/sprzatneto.pl.joton.dev\/wp-content\/uploads\/2021\/08\/index-service-house-2.jpg\" class=\"attachment-full size-full\" alt=\"\" srcset=\"https:\/\/sprzatneto.pl.joton.dev\/wp-content\/uploads\/2021\/08\/index-service-house-2.jpg 216w, https:\/\/sprzatneto.pl.joton.dev\/wp-content\/uploads\/2021\/08\/index-service-house-2-100x100.jpg 100w, https:\/\/sprzatneto.pl.joton.dev\/wp-content\/uploads\/2021\/08\/index-service-house-2-150x150.jpg 150w\" sizes=\"(max-width: 216px) 100vw, 216px\" \/>                                                                    <\/a>\n                             \n                                <a href=\"http:\/\/\u00a3\"    class=\"service-house-item\">\n                                <img decoding=\"async\" width=\"216\" height=\"216\" src=\"https:\/\/sprzatneto.pl.joton.dev\/wp-content\/uploads\/2021\/08\/index-service-house-3.jpg\" class=\"attachment-full size-full\" alt=\"\" srcset=\"https:\/\/sprzatneto.pl.joton.dev\/wp-content\/uploads\/2021\/08\/index-service-house-3.jpg 216w, https:\/\/sprzatneto.pl.joton.dev\/wp-content\/uploads\/2021\/08\/index-service-house-3-100x100.jpg 100w, https:\/\/sprzatneto.pl.joton.dev\/wp-content\/uploads\/2021\/08\/index-service-house-3-150x150.jpg 150w\" sizes=\"(max-width: 216px) 100vw, 216px\" \/>                                                                    <\/a>\n                             \n                                <a href=\"http:\/\/\u00a3\"    class=\"service-house-item\">\n                                <img loading=\"lazy\" decoding=\"async\" width=\"216\" height=\"216\" src=\"https:\/\/sprzatneto.pl.joton.dev\/wp-content\/uploads\/2021\/08\/index-service-house-4.jpg\" class=\"attachment-full size-full\" alt=\"\" srcset=\"https:\/\/sprzatneto.pl.joton.dev\/wp-content\/uploads\/2021\/08\/index-service-house-4.jpg 216w, https:\/\/sprzatneto.pl.joton.dev\/wp-content\/uploads\/2021\/08\/index-service-house-4-100x100.jpg 100w, https:\/\/sprzatneto.pl.joton.dev\/wp-content\/uploads\/2021\/08\/index-service-house-4-150x150.jpg 150w\" sizes=\"(max-width: 216px) 100vw, 216px\" \/>                                                                    <\/a>\n                                                    <\/div>\n                    <\/div>\n                <\/div>\n            <\/div>\n        <\/div>\n    <\/div>\n\t\t\t\t<\/div>\n\t\t\t\t<\/div>\n\t\t\t\t\t<\/div>\n\t\t<\/div>\n\t\t\t\t\t<\/div>\n\t\t<\/section>\n\t\t\t\t<section class=\"elementor-section elementor-top-section elementor-element elementor-element-a83f467 elementor-section-full_width elementor-section-height-default elementor-section-height-default\" data-id=\"a83f467\" data-element_type=\"section\">\n\t\t\t\t\t\t<div class=\"elementor-container elementor-column-gap-no\">\n\t\t\t\t\t<div class=\"elementor-column elementor-col-100 elementor-top-column elementor-element elementor-element-531b668\" data-id=\"531b668\" data-element_type=\"column\">\n\t\t\t<div class=\"elementor-widget-wrap elementor-element-populated\">\n\t\t\t\t\t\t<div class=\"elementor-element elementor-element-d01ba45 elementor-widget elementor-widget-cleaning_maker_box\" data-id=\"d01ba45\" data-element_type=\"widget\" data-widget_type=\"cleaning_maker_box.default\">\n\t\t\t\t<div class=\"elementor-widget-container\">\n\t\t\t\t\t        <div class=\"block m-bottom-45\">\n            <div class=\"container\">\n                <div class=\"row row-revert-xs\">\n                    <div class=\"col-sm-6\">\n                        <div class=\"img-left-wrap1\">\n                            <img loading=\"lazy\" decoding=\"async\" width=\"569\" height=\"488\" src=\"https:\/\/sprzatneto.pl.joton.dev\/wp-content\/uploads\/2021\/08\/index-img-2.jpg\" class=\"attachment-full size-full\" alt=\"\" srcset=\"https:\/\/sprzatneto.pl.joton.dev\/wp-content\/uploads\/2021\/08\/index-img-2.jpg 569w, https:\/\/sprzatneto.pl.joton.dev\/wp-content\/uploads\/2021\/08\/index-img-2-300x257.jpg 300w, https:\/\/sprzatneto.pl.joton.dev\/wp-content\/uploads\/2021\/08\/index-img-2-563x483.jpg 563w\" sizes=\"(max-width: 569px) 100vw, 569px\" \/>                        <\/div>\n                    <\/div>\n                    <div class=\"col-sm-6\">\n                        <h2><span class=\"color\">Naturalne<\/span> \u015arodki Czysto\u015bci<\/h2>\n                        <p class=\"p-lg\">Sprz\u0105tanie z trosk\u0105 o Ciebie i \u015brodowisko.<\/p>\n                         \n                            <div class=\"marker-box\">\n                                <div class=\"marker-box-marker\"><\/div>\n                                <h4 class=\"marker-box-title\">100% Bezpieczne & Organiczne<\/h4>\n                                <p>Korzystamy z przyjaznych \u015brodowisku, skutecznych i certyfikowanych \u015brodk\u00f3w czysto\u015bci. Dbamy o natur\u0119, ograniczamy chemikalia i wybieramy rozwi\u0105zania, kt\u00f3re s\u0105 bezpieczne dla naszej planety.<\/p>\n                            <\/div> \n                             \n                            <div class=\"marker-box\">\n                                <div class=\"marker-box-marker\"><\/div>\n                                <h4 class=\"marker-box-title\">Troska o Ciebie i Twoich bliskich<\/h4>\n                                <p>U\u017cywane przez nas produkty s\u0105 delikatne i bezpieczne \u2013 zar\u00f3wno dla doros\u0142ych, dzieci, jak i zwierz\u0105t domowych. Dbamy o to, aby sprz\u0105tanie nie tylko przynosi\u0142o efekty, ale tak\u017ce nie nara\u017ca\u0142o zdrowia.<\/p>\n                            <\/div> \n                                                <\/div>\n                <\/div>\n            <\/div>\n        <\/div>\n\t\t\t\t<\/div>\n\t\t\t\t<\/div>\n\t\t\t\t\t<\/div>\n\t\t<\/div>\n\t\t\t\t\t<\/div>\n\t\t<\/section>\n\t\t\t\t<\/div>\n\t\t","protected":false},"excerpt":{"rendered":"<p>Czysto. Ekologicznie. Profesjonalnie! Darmowa Wycena NASZE US\u0141UGI Profesjonalne us\u0142ugi sprz\u0105taj\u0105ce dla firm i klient\u00f3w indywidualnych. Wi\u0119cej informacji znajdziesz tutaj DLA FIRM Sprz\u0105tanie biur i lokali Sprz\u0105tanie apartament\u00f3w Home Staging Decluttering Przeprowadzki Mycie okien i witryn Po budowie lub remoncie Benefity pracownicze PRYWATNE Sprz\u0105tanie dom\u00f3w i mieszka\u0144 Decluttering Przeprowadzki Mycie okien DECLUTTERING Pomo\u017cemy Ci pozby\u0107 si\u0119 [&hellip;]<\/p>\n","protected":false},"author":1,"featured_media":0,"parent":0,"menu_order":0,"comment_status":"closed","ping_status":"closed","template":"elementor_header_footer","meta":{"footnotes":""},"class_list":["post-1442","page","type-page","status-publish","hentry"],"_links":{"self":[{"href":"https:\/\/sprzatneto.pl.joton.dev\/index.php\/wp-json\/wp\/v2\/pages\/1442","targetHints":{"allow":["GET"]}}],"collection":[{"href":"https:\/\/sprzatneto.pl.joton.dev\/index.php\/wp-json\/wp\/v2\/pages"}],"about":[{"href":"https:\/\/sprzatneto.pl.joton.dev\/index.php\/wp-json\/wp\/v2\/types\/page"}],"author":[{"embeddable":true,"href":"https:\/\/sprzatneto.pl.joton.dev\/index.php\/wp-json\/wp\/v2\/users\/1"}],"replies":[{"embeddable":true,"href":"https:\/\/sprzatneto.pl.joton.dev\/index.php\/wp-json\/wp\/v2\/comments?post=1442"}],"version-history":[{"count":36,"href":"https:\/\/sprzatneto.pl.joton.dev\/index.php\/wp-json\/wp\/v2\/pages\/1442\/revisions"}],"predecessor-version":[{"id":2147,"href":"https:\/\/sprzatneto.pl.joton.dev\/index.php\/wp-json\/wp\/v2\/pages\/1442\/revisions\/2147"}],"wp:attachment":[{"href":"https:\/\/sprzatneto.pl.joton.dev\/index.php\/wp-json\/wp\/v2\/media?parent=1442"}],"curies":[{"name":"wp","href":"https:\/\/api.w.org\/{rel}","templated":true}]}}